{"id":4296,"date":"2021-12-26T10:59:54","date_gmt":"2021-12-26T09:59:54","guid":{"rendered":"https:\/\/www.karl-wetzel.com\/produkt\/dispositivo-de-prueba-pi-5000\/"},"modified":"2025-10-27T12:29:18","modified_gmt":"2025-10-27T11:29:18","slug":"probador-pi-5000","status":"publish","type":"product","link":"https:\/\/www.karl-wetzel.com\/es\/producto\/probador-pi-5000\/","title":{"rendered":"Dispositivo de prueba PI 5000"},"content":{"rendered":"<p>Tester para alta tensi\u00f3n e inducci\u00f3n:<\/p>\n<p>El PI 5000 es un dispositivo pr\u00e1ctico y f\u00e1cil de usar para pruebas de alto voltaje de equipos el\u00e9ctricos. Su capacidad para realizar una medici\u00f3n de comparaci\u00f3n de inductancia es \u00fanica.<\/p>\n<p>Adem\u00e1s de la prueba de inductancia, una caracter\u00edstica especial del PI 5000 es la prueba o medici\u00f3n no destructiva con voltajes de hasta 4750 V CC. La prueba de alto voltaje ofrece ventajas sistem\u00e1ticas en la prueba de resistencia de aislamiento, ya que tambi\u00e9n registra efectos que a veces no ocurren con un voltaje de prueba m\u00e1s bajo. Es posible una medici\u00f3n directa de la resistencia de aislamiento en el rango de 250 k\u03a9 a 200 M\u03a9. Las resistencias de aislamiento fuera de estos rangos tambi\u00e9n se pueden detectar mediante ajustes de voltaje apropiados.<\/p>\n<p>El PI 5000 cumple con los \u00faltimos est\u00e1ndares, est\u00e1 aprobado por T\u00dcV y se puede suministrar con un certificado de calibraci\u00f3n a pedido.<\/p>\n","protected":false},"excerpt":{"rendered":"<p>Tester para alta tensi\u00f3n e inducci\u00f3n: El PI 5000 es un dispositivo pr\u00e1ctico y f\u00e1cil de usar para pruebas de alto voltaje de equipos el\u00e9ctricos. Su capacidad para realizar una medici\u00f3n de comparaci\u00f3n de inductancia es \u00fanica. Adem\u00e1s de la prueba de inductancia, una caracter\u00edstica especial del PI 5000 es la prueba o medici\u00f3n no &#8230; <a title=\"Dispositivo de prueba PI 5000\" class=\"read-more\" href=\"https:\/\/www.karl-wetzel.com\/es\/producto\/probador-pi-5000\/\" aria-label=\"Leer m\u00e1s sobre Dispositivo de prueba PI 5000\">Leer m\u00e1s<\/a><\/p>\n","protected":false},"featured_media":12930,"comment_status":"open","ping_status":"closed","template":"","meta":[],"product_brand":[],"product_cat":[154],"product_tag":[],"class_list":{"0":"post-4296","1":"product","2":"type-product","3":"status-publish","4":"has-post-thumbnail","6":"product_cat-cheque-es","8":"first","9":"instock","10":"taxable","11":"shipping-taxable","12":"product-type-simple"},"_links":{"self":[{"href":"https:\/\/www.karl-wetzel.com\/es\/wp-json\/wp\/v2\/product\/4296","targetHints":{"allow":["GET"]}}],"collection":[{"href":"https:\/\/www.karl-wetzel.com\/es\/wp-json\/wp\/v2\/product"}],"about":[{"href":"https:\/\/www.karl-wetzel.com\/es\/wp-json\/wp\/v2\/types\/product"}],"replies":[{"embeddable":true,"href":"https:\/\/www.karl-wetzel.com\/es\/wp-json\/wp\/v2\/comments?post=4296"}],"wp:featuredmedia":[{"embeddable":true,"href":"https:\/\/www.karl-wetzel.com\/es\/wp-json\/wp\/v2\/media\/12930"}],"wp:attachment":[{"href":"https:\/\/www.karl-wetzel.com\/es\/wp-json\/wp\/v2\/media?parent=4296"}],"wp:term":[{"taxonomy":"product_brand","embeddable":true,"href":"https:\/\/www.karl-wetzel.com\/es\/wp-json\/wp\/v2\/product_brand?post=4296"},{"taxonomy":"product_cat","embeddable":true,"href":"https:\/\/www.karl-wetzel.com\/es\/wp-json\/wp\/v2\/product_cat?post=4296"},{"taxonomy":"product_tag","embeddable":true,"href":"https:\/\/www.karl-wetzel.com\/es\/wp-json\/wp\/v2\/product_tag?post=4296"}],"curies":[{"name":"wp","href":"https:\/\/api.w.org\/{rel}","templated":true}]}}