{"id":4281,"date":"2021-12-26T10:59:54","date_gmt":"2022-01-16T10:19:42","guid":{"rendered":"https:\/\/www.karl-wetzel.com\/produkt\/anillo-de-bloqueo-tipo-b\/"},"modified":"2024-09-20T10:10:43","modified_gmt":"2024-09-20T08:10:43","slug":"anillo-de-sujecion-tipo-b","status":"publish","type":"product","link":"https:\/\/www.karl-wetzel.com\/es\/producto\/anillo-de-sujecion-tipo-b\/","title":{"rendered":"ANILLO DE BLOQUEO TIPO B"},"content":{"rendered":"<h2>Equipo:<\/h2>\n<table style=\"height: 311px;\" width=\"500\">\n<tbody>\n<tr>\n<td width=\"186\">Juego de tijeras de sujeci\u00f3n (3 piezas)<\/td>\n<td width=\"167\">Di\u00e1metro de sujeci\u00f3n<\/td>\n<td width=\"103\">N.\u00ba de art\u00edculo.<\/td>\n<\/tr>\n<tr>\n<td width=\"186\">para anillo \u00ab200\u00bb de una etapa<\/td>\n<td width=\"167\">aprox. 55 &#8211; 140 mm<\/td>\n<td width=\"103\">7.051.10<\/td>\n<\/tr>\n<tr>\n<td width=\"186\">para anillo \u00ab350\u00bb de una etapa<\/td>\n<td width=\"167\">aprox. 75 &#8211; 275 mm<\/td>\n<td width=\"103\">7.051.20<\/td>\n<\/tr>\n<tr>\n<td width=\"186\">para anillo \u00ab500\u00bb de una etapa<\/td>\n<td width=\"167\">aprox. 275 &#8211; 380 mm<\/td>\n<td width=\"103\">7.051.30<\/td>\n<\/tr>\n<tr>\n<td width=\"186\">para anillo \u00ab200\u00bb de dos etapas<\/td>\n<td width=\"167\">aprox. 15 &#8211; 100 mm<\/td>\n<td width=\"103\">7.051.40<\/td>\n<\/tr>\n<tr>\n<td width=\"186\">para anillo \u00ab350\u00bb de dos etapas<\/td>\n<td width=\"167\">aprox. 25 &#8211; 225 mm<\/td>\n<td width=\"103\">7.051.50<\/td>\n<\/tr>\n<tr>\n<td width=\"186\">para anillo \u00ab500\u00bb de dos etapas<\/td>\n<td width=\"167\">aprox. 95 &#8211; 320 mm<\/td>\n<td width=\"103\">7.051.60<\/td>\n<\/tr>\n<\/tbody>\n<\/table>\n","protected":false},"excerpt":{"rendered":"<p>El anillo de sujeci\u00f3n \u00abB\u00bb se puede girar en cualquier posici\u00f3n inclinada u horizontal. Esta ventaja es particularmente deseable cuando la instilaci\u00f3n, el cambio y el vendaje se realizan en un solo lugar de trabajo. El anillo puede girar libremente en 3 dimensiones y es accesible desde todos los lados, lo que resulta en las mejores condiciones de trabajo. La zona del anillo est\u00e1 equipada con iluminaci\u00f3n y ajuste el\u00e9ctrico de la altura mediante un dispositivo de control manual.  <strong>Especificaciones t\u00e9cnicas:<\/strong><\/p>\n<div id=\"Tabelle10LYR\">\n<div id=\"Tabelle6LYR\">\n<table style=\"height: 196px;\" width=\"581\">\n<tbody>\n<tr>\n<td width=\"186\">Anillo de sujeci\u00f3n:<\/td>\n<td width=\"101\">B-200<\/td>\n<td width=\"101\">B-350<\/td>\n<td width=\"101\">B-500<\/td>\n<\/tr>\n<tr>\n<td width=\"186\">di\u00e1metro de sujeci\u00f3n:<\/td>\n<td width=\"101\">Max. profundidad 160 mm<\/td>\n<td width=\"101\">Max. profundidad 310 mm<\/td>\n<td width=\"101\">Max. D 450 mm<\/td>\n<\/tr>\n<tr>\n<td width=\"186\">Peso de sujeci\u00f3n:<\/td>\n<td width=\"101\">hasta aprox. 30 kg<\/td>\n<td width=\"101\">, hasta aprox. 70 kg,<\/td>\n<td width=\"101\">hasta aprox.<\/td>\n<\/tr>\n<tr>\n<td width=\"186\">Peso:<\/td>\n<td width=\"101\">26kg<\/td>\n<td width=\"101\">61kg<\/td>\n<td width=\"101\">122kg<\/td>\n<\/tr>\n<tr>\n<td width=\"186\">N.\u00ba de art\u00edculo:<\/td>\n<td width=\"101\">4.077.10<\/td>\n<td width=\"101\">4.077.20<\/td>\n<td width=\"101\">4.077.30<\/td>\n<\/tr>\n<\/tbody>\n<\/table>\n<\/div>\n<\/div>\n<p><span style=\"color: #ff0000;\"><a style=\"color: #ff0000;\" href=\"https:\/\/www.karl-wetzel.com\/wp-content\/uploads\/2023\/05\/B-Ringplatz-Video.avi\" target=\"_blank\" rel=\"noopener\">V\u00eddeo sobre la consola elevadora<\/a><\/span> Aqu\u00ed est\u00e1 nuestro folleto de producto: <span style=\"color: #ff0000;\"><a style=\"color: #ff0000;\" href=\"https:\/\/www.karl-wetzel.com\/wp-content\/uploads\/2023\/06\/Einspannringe-Seite-1.pdf\" target=\"_blank\" rel=\"noopener\">P\u00e1gina 1<\/a><\/span> | <span style=\"color: #ff0000;\"><a style=\"color: #ff0000;\" href=\"https:\/\/www.karl-wetzel.com\/wp-content\/uploads\/2023\/06\/Einspannringe-Seite-2.pdf\" target=\"_blank\" rel=\"noopener\">P\u00e1gina 2<\/a><\/span><\/p>\n","protected":false},"featured_media":3013,"comment_status":"closed","ping_status":"closed","template":"","meta":[],"product_brand":[],"product_cat":[325],"product_tag":[],"class_list":{"0":"post-4281","1":"product","2":"type-product","3":"status-publish","4":"has-post-thumbnail","6":"product_cat-anillo-de-apriete","8":"first","9":"instock","10":"taxable","11":"shipping-taxable","12":"product-type-variable"},"_links":{"self":[{"href":"https:\/\/www.karl-wetzel.com\/es\/wp-json\/wp\/v2\/product\/4281","targetHints":{"allow":["GET"]}}],"collection":[{"href":"https:\/\/www.karl-wetzel.com\/es\/wp-json\/wp\/v2\/product"}],"about":[{"href":"https:\/\/www.karl-wetzel.com\/es\/wp-json\/wp\/v2\/types\/product"}],"replies":[{"embeddable":true,"href":"https:\/\/www.karl-wetzel.com\/es\/wp-json\/wp\/v2\/comments?post=4281"}],"wp:featuredmedia":[{"embeddable":true,"href":"https:\/\/www.karl-wetzel.com\/es\/wp-json\/wp\/v2\/media\/3013"}],"wp:attachment":[{"href":"https:\/\/www.karl-wetzel.com\/es\/wp-json\/wp\/v2\/media?parent=4281"}],"wp:term":[{"taxonomy":"product_brand","embeddable":true,"href":"https:\/\/www.karl-wetzel.com\/es\/wp-json\/wp\/v2\/product_brand?post=4281"},{"taxonomy":"product_cat","embeddable":true,"href":"https:\/\/www.karl-wetzel.com\/es\/wp-json\/wp\/v2\/product_cat?post=4281"},{"taxonomy":"product_tag","embeddable":true,"href":"https:\/\/www.karl-wetzel.com\/es\/wp-json\/wp\/v2\/product_tag?post=4281"}],"curies":[{"name":"wp","href":"https:\/\/api.w.org\/{rel}","templated":true}]}}