{"id":4250,"date":"2021-12-26T11:00:24","date_gmt":"2022-01-16T10:18:02","guid":{"rendered":"https:\/\/www.karl-wetzel.com\/produkt\/separador-seca-hydro\/"},"modified":"2025-04-07T09:14:39","modified_gmt":"2025-04-07T07:14:39","slug":"separador-seca-hydro","status":"publish","type":"product","link":"https:\/\/www.karl-wetzel.com\/es\/producto\/separador-seca-hydro\/","title":{"rendered":"Separador hidroel\u00e9ctrico SECA"},"content":{"rendered":"<h2>Equipo:<\/h2>\n<div id=\"Text55LYR\" class=\"TextObject\">\n<ul>\n<li>3 piezas gu\u00eda<\/li>\n<li>3 tirantes de 490 mm de largo<\/li>\n<li>3 tirantes de 950 mm de largo<\/li>\n<li>3 garras de sujeci\u00f3n de 100 mm de largo<\/li>\n<li>3 garras de sujeci\u00f3n de 200 mm de largo<\/li>\n<li>3 arandelas de sujeci\u00f3n para garras de sujeci\u00f3n<\/li>\n<li>3 mordazas de sujeci\u00f3n de 100 mm de altura<\/li>\n<li>3 mordazas de sujeci\u00f3n de 200 mm de altura<\/li>\n<li>Pinza de agarre y elevaci\u00f3n 380x290x50 mm Pedido. N\u00ba: 6.091.50<\/li>\n<li>Pinza elevadora especial 420x40x140 mm Pedido. N\u00ba: 6.091.54<\/li>\n<\/ul>\n<div id=\"Text56LYR\" class=\"TextObject\">\n<h2>Accesorios especiales:<\/h2>\n<\/div>\n<div id=\"Tabelle3LYR\">\n<table id=\"Tabelle3\" border=\"1\">\n<tbody>\n<tr>\n<td id=\"Zelle22\">Polipasto el\u00e9ctrico de cadena 1000 kg<\/td>\n<td id=\"Zelle23\">9.201.26<\/td>\n<\/tr>\n<tr>\n<td id=\"Zelle22\">Opci\u00f3n USA\/CD 600 V\/60 Hz<\/td>\n<td id=\"Zelle23\">9.201.28<\/td>\n<\/tr>\n<tr>\n<td id=\"Zelle24\">Dispositivo de sujeci\u00f3n de anclaje<\/td>\n<td id=\"Zelle25\">9.201.24<\/td>\n<\/tr>\n<\/tbody>\n<\/table>\n<h2>Opci\u00f3n de equipamiento:<\/h2>\n<p>Pinzas de agarre y elevaci\u00f3n 460 x 340 x 75<br \/>\nPinza elevadora especial 460 x 60 x 170<\/p>\n<p>Alicates de elevaci\u00f3n para bobinados m\u00e1s profundos de 500 mm<br \/>\n Alicates de elevaci\u00f3n para bobinados m\u00e1s profundos de 660 mm<\/p>\n<p>Hojas de sierra para bobinados fijos<br \/>\n Hojas de sierra para bobinados sueltos<\/p>\n<\/div>\n<\/div>\n","protected":false},"excerpt":{"rendered":"<p><span style=\"font-family: georgia, palatino, serif;\"><span style=\"font-size: 12pt;\">Con el dispositivo de extracci\u00f3n hidr\u00e1ulica, los devanados se pueden extraer r\u00e1pidamente y sin gran esfuerzo. Dado que el dispositivo de sujeci\u00f3n est\u00e1 debajo de la mesa, tiene una visi\u00f3n general completa mientras trabaja. Un interruptor de pie le permite trabajar con precisi\u00f3n. El cabezal de bobinado se puede separar en el mismo aparato con el dispositivo de desmontaje del cabezal de bobinado (opcional).<\/span><\/span><\/p>\n<h2>Construcci\u00f3n modular:<\/h2>\n<p><span style=\"font-family: georgia, palatino, serif;\"><span style=\"font-size: 12pt;\">1.) Placa calefactora integrada SECA CAL<br \/>\n<\/span><\/span> <span style=\"font-family: georgia, palatino, serif;\"><span style=\"font-size: 12pt;\">2.) Separador integrado SECA EX<br \/>\n 3.) Extractor hidr\u00e1ulico SECA Hydro<br \/>\n<\/span><\/span><\/p>\n<h2>Especificaciones t\u00e9cnicas:<\/h2>\n<table>\n<tbody>\n<tr>\n<td width=\"137\">modelo<\/td>\n<td width=\"123\">\u00d8 m\u00e1x. estator<\/td>\n<td width=\"151\">altura de la m\u00e1quina<\/td>\n<td width=\"153\">Mejor. No.<\/td>\n<\/tr>\n<tr>\n<td width=\"137\">SECA Hydro 350<\/td>\n<td width=\"123\">Hasta aprox. 350 mil\u00edmetros<\/td>\n<td width=\"151\">1,90 metros<\/td>\n<td width=\"153\">6.265,00<\/td>\n<\/tr>\n<tr>\n<td width=\"137\">SECA Hydro 600<\/td>\n<td width=\"123\">hasta aprox. 600 mil\u00edmetros<\/td>\n<td width=\"151\">2,35 metros<\/td>\n<td width=\"153\">6.265.10<\/td>\n<\/tr>\n<tr>\n<td width=\"137\">SECA Hydro 900<\/td>\n<td width=\"123\">hasta aprox. 900 mil\u00edmetros<\/td>\n<td width=\"151\">2,80 metros<\/td>\n<td width=\"153\">6.265.20<\/td>\n<\/tr>\n<tr>\n<td width=\"137\">SECA Hydro 1200<\/td>\n<td width=\"123\">hasta aprox. 1200 mil\u00edmetros<\/td>\n<td width=\"151\">3,30 metros<\/td>\n<td width=\"153\">6.265,30<\/td>\n<\/tr>\n<tr>\n<td width=\"137\">SECA Hydro 1500<\/td>\n<td width=\"123\">hasta aprox. 1500 mil\u00edmetros<\/td>\n<td width=\"151\">3,50 metros<\/td>\n<td width=\"153\">6.265,40<\/td>\n<\/tr>\n<tr>\n<td width=\"137\">SECA Hydro 1800<\/td>\n<td width=\"123\">hasta aprox. 1800 mil\u00edmetros<\/td>\n<td width=\"151\">4,60 metros<\/td>\n<td width=\"153\">6.265,50<\/td>\n<\/tr>\n<\/tbody>\n<\/table>\n","protected":false},"featured_media":3046,"comment_status":"closed","ping_status":"closed","template":"","meta":[],"product_brand":[],"product_cat":[150],"product_tag":[],"class_list":{"0":"post-4250","1":"product","2":"type-product","3":"status-publish","4":"has-post-thumbnail","6":"product_cat-desmontar","8":"first","9":"instock","10":"taxable","11":"shipping-taxable","12":"product-type-variable"},"_links":{"self":[{"href":"https:\/\/www.karl-wetzel.com\/es\/wp-json\/wp\/v2\/product\/4250","targetHints":{"allow":["GET"]}}],"collection":[{"href":"https:\/\/www.karl-wetzel.com\/es\/wp-json\/wp\/v2\/product"}],"about":[{"href":"https:\/\/www.karl-wetzel.com\/es\/wp-json\/wp\/v2\/types\/product"}],"replies":[{"embeddable":true,"href":"https:\/\/www.karl-wetzel.com\/es\/wp-json\/wp\/v2\/comments?post=4250"}],"wp:featuredmedia":[{"embeddable":true,"href":"https:\/\/www.karl-wetzel.com\/es\/wp-json\/wp\/v2\/media\/3046"}],"wp:attachment":[{"href":"https:\/\/www.karl-wetzel.com\/es\/wp-json\/wp\/v2\/media?parent=4250"}],"wp:term":[{"taxonomy":"product_brand","embeddable":true,"href":"https:\/\/www.karl-wetzel.com\/es\/wp-json\/wp\/v2\/product_brand?post=4250"},{"taxonomy":"product_cat","embeddable":true,"href":"https:\/\/www.karl-wetzel.com\/es\/wp-json\/wp\/v2\/product_cat?post=4250"},{"taxonomy":"product_tag","embeddable":true,"href":"https:\/\/www.karl-wetzel.com\/es\/wp-json\/wp\/v2\/product_tag?post=4250"}],"curies":[{"name":"wp","href":"https:\/\/api.w.org\/{rel}","templated":true}]}}