{"id":14523,"date":"2026-02-13T16:57:20","date_gmt":"2026-02-13T15:57:20","guid":{"rendered":"https:\/\/www.karl-wetzel.com\/produkt\/cuenca-de-goteo\/"},"modified":"2026-02-13T17:24:35","modified_gmt":"2026-02-13T16:24:35","slug":"cuenca-de-goteo","status":"publish","type":"product","link":"https:\/\/www.karl-wetzel.com\/es\/producto\/cuenca-de-goteo\/","title":{"rendered":"Fijaci\u00f3n de Dr\u00e4ufelfix"},"content":{"rendered":"<p>Nuestro dep\u00f3sito de goteo est\u00e1 disponible en varios tama\u00f1os (di\u00e1metros). Combina tecnolog\u00eda sencilla con ingenier\u00eda sofisticada y una excelente relaci\u00f3n calidad-precio. <\/p>\n","protected":false},"excerpt":{"rendered":"<p>Nuestro dep\u00f3sito de goteo est\u00e1 disponible en varios tama\u00f1os (di\u00e1metros). Combina tecnolog\u00eda sencilla con ingenier\u00eda sofisticada y una excelente relaci\u00f3n calidad-precio.<\/p>\n","protected":false},"featured_media":14526,"comment_status":"closed","ping_status":"closed","template":"","meta":[],"product_brand":[],"product_cat":[307],"product_tag":[],"class_list":{"0":"post-14523","1":"product","2":"type-product","3":"status-publish","4":"has-post-thumbnail","6":"product_cat-regar","8":"first","9":"instock","10":"taxable","11":"shipping-taxable","12":"product-type-variable","13":"has-default-attributes"},"_links":{"self":[{"href":"https:\/\/www.karl-wetzel.com\/es\/wp-json\/wp\/v2\/product\/14523","targetHints":{"allow":["GET"]}}],"collection":[{"href":"https:\/\/www.karl-wetzel.com\/es\/wp-json\/wp\/v2\/product"}],"about":[{"href":"https:\/\/www.karl-wetzel.com\/es\/wp-json\/wp\/v2\/types\/product"}],"replies":[{"embeddable":true,"href":"https:\/\/www.karl-wetzel.com\/es\/wp-json\/wp\/v2\/comments?post=14523"}],"wp:featuredmedia":[{"embeddable":true,"href":"https:\/\/www.karl-wetzel.com\/es\/wp-json\/wp\/v2\/media\/14526"}],"wp:attachment":[{"href":"https:\/\/www.karl-wetzel.com\/es\/wp-json\/wp\/v2\/media?parent=14523"}],"wp:term":[{"taxonomy":"product_brand","embeddable":true,"href":"https:\/\/www.karl-wetzel.com\/es\/wp-json\/wp\/v2\/product_brand?post=14523"},{"taxonomy":"product_cat","embeddable":true,"href":"https:\/\/www.karl-wetzel.com\/es\/wp-json\/wp\/v2\/product_cat?post=14523"},{"taxonomy":"product_tag","embeddable":true,"href":"https:\/\/www.karl-wetzel.com\/es\/wp-json\/wp\/v2\/product_tag?post=14523"}],"curies":[{"name":"wp","href":"https:\/\/api.w.org\/{rel}","templated":true}]}}