{"id":12896,"date":"2025-09-06T10:54:35","date_gmt":"2025-09-06T08:54:35","guid":{"rendered":"https:\/\/www.karl-wetzel.com\/?post_type=product&#038;p=12896"},"modified":"2025-09-22T11:47:55","modified_gmt":"2025-09-22T09:47:55","slug":"separador-seca-600-m-kopie","status":"publish","type":"product","link":"https:\/\/www.karl-wetzel.com\/es\/producto\/separador-seca-600-m-kopie\/","title":{"rendered":"Separador SECA 900 M"},"content":{"rendered":"","protected":false},"excerpt":{"rendered":"<h2>Especificaciones t\u00e9cnicas:<\/h2>\n<table id=\"Tabelle9\" border=\"1\">\n<tbody>\n<tr>\n<td id=\"Zelle189\">Altura de la hoja de sierra\/superficie de sujeci\u00f3n:<\/td>\n<td id=\"Zelle190\">1100 mil\u00edmetros<\/td>\n<\/tr>\n<tr>\n<td id=\"Zelle191\">Di\u00e1metro exterior mayor:<\/td>\n<td id=\"Zelle192\">1000 mil\u00edmetros<\/td>\n<\/tr>\n<tr>\n<td id=\"Zelle193\">Di\u00e1metro de sujeci\u00f3n en el orificio:<\/td>\n<td id=\"Zelle194\">38 mm a 310 mm<\/td>\n<\/tr>\n<tr>\n<td id=\"Zelle195\">\u00f8 de sujeci\u00f3n en el \u00f8 exterior:<\/td>\n<td id=\"Zelle196\">De 25 mm a 280 mm<\/td>\n<\/tr>\n<tr>\n<td id=\"Zelle197\">peso de sujeci\u00f3n:<\/td>\n<td id=\"Zelle198\">Max. 2.000 kilos<\/td>\n<\/tr>\n<tr>\n<td id=\"Zelle199\">Potencia del motor:<\/td>\n<td id=\"Zelle200\">1,1\/1,4 kW<\/td>\n<\/tr>\n<tr>\n<td id=\"Zelle201\">Carga conectada:<\/td>\n<td id=\"Zelle202\">400 voltios; 3 fases; 50 Hz<\/td>\n<\/tr>\n<tr>\n<td id=\"Zelle203\">Dimensiones de la m\u00e1quina:<\/td>\n<td id=\"Zelle204\">150 cm x 150 cm x 148 cm<\/td>\n<\/tr>\n<tr>\n<td id=\"Zelle205\">Peso:<\/td>\n<td id=\"Zelle206\">1.400 kilos<\/td>\n<\/tr>\n<tr>\n<td id=\"Zelle207\">Art\u00edculo N\u00b0:<\/td>\n<td id=\"Zelle208\">6.090.20<\/td>\n<\/tr>\n<\/tbody>\n<\/table>\n<p>&nbsp;<\/p>\n","protected":false},"featured_media":12903,"comment_status":"closed","ping_status":"closed","template":"","meta":[],"product_brand":[],"product_cat":[150],"product_tag":[],"class_list":{"0":"post-12896","1":"product","2":"type-product","3":"status-publish","4":"has-post-thumbnail","6":"product_cat-desmontar","8":"first","9":"instock","10":"taxable","11":"shipping-taxable","12":"product-type-simple"},"_links":{"self":[{"href":"https:\/\/www.karl-wetzel.com\/es\/wp-json\/wp\/v2\/product\/12896","targetHints":{"allow":["GET"]}}],"collection":[{"href":"https:\/\/www.karl-wetzel.com\/es\/wp-json\/wp\/v2\/product"}],"about":[{"href":"https:\/\/www.karl-wetzel.com\/es\/wp-json\/wp\/v2\/types\/product"}],"replies":[{"embeddable":true,"href":"https:\/\/www.karl-wetzel.com\/es\/wp-json\/wp\/v2\/comments?post=12896"}],"wp:featuredmedia":[{"embeddable":true,"href":"https:\/\/www.karl-wetzel.com\/es\/wp-json\/wp\/v2\/media\/12903"}],"wp:attachment":[{"href":"https:\/\/www.karl-wetzel.com\/es\/wp-json\/wp\/v2\/media?parent=12896"}],"wp:term":[{"taxonomy":"product_brand","embeddable":true,"href":"https:\/\/www.karl-wetzel.com\/es\/wp-json\/wp\/v2\/product_brand?post=12896"},{"taxonomy":"product_cat","embeddable":true,"href":"https:\/\/www.karl-wetzel.com\/es\/wp-json\/wp\/v2\/product_cat?post=12896"},{"taxonomy":"product_tag","embeddable":true,"href":"https:\/\/www.karl-wetzel.com\/es\/wp-json\/wp\/v2\/product_tag?post=12896"}],"curies":[{"name":"wp","href":"https:\/\/api.w.org\/{rel}","templated":true}]}}