{"id":11560,"date":"2025-01-16T09:47:32","date_gmt":"2025-01-16T08:47:32","guid":{"rendered":"https:\/\/www.karl-wetzel.com\/?post_type=product&#038;p=11560"},"modified":"2025-01-20T07:17:59","modified_gmt":"2025-01-20T06:17:59","slug":"cizalla-guillotina-isocut-d-kopie","status":"publish","type":"product","link":"https:\/\/www.karl-wetzel.com\/es\/producto\/cizalla-guillotina-isocut-d-kopie\/","title":{"rendered":"Cizalla guillotina IsoCut S"},"content":{"rendered":"<p><strong>Cizalla guillotina IsoCut S 1100:<\/strong><\/p>\n<p>&#8211; M\u00e1quina fabricada en acero y hierro fundido, construcci\u00f3n s\u00f3lida y precisa.<br \/>\n&#8211; Calibre milim\u00e9trico en la mesa, cortador de tiras plegable ajustable.<br \/>\n&#8211; Cuchillas de acero templado y rectificado.<br \/>\n&#8211; Cuchillo preestablecido y alineado<br \/>\n&#8211; Ancho de corte 1100 mm<br \/>\n&#8211; Altura de la mesa 800 mm<br \/>\n&#8211; Peso 240 kg<br \/>\n&#8211; Dimensiones totales 1860 x 1120 x 970 mm<\/p>\n<p>&#8211; Art. 3.606.40<\/p>\n<p><strong>Estante de drenaje para S 1100<\/strong> (opcional):<\/p>\n<p>&#8211; 5 niveles<br \/>\n&#8211; Dimensiones 1760 x 1170 mm<br \/>\n&#8211; Capacidad de rollo \u00d8 400 x 1100<br \/>\n&#8211; Peso 60 kg<\/p>\n<p>&#8211; Art\u00edculo n\u00b0 3.606.45<\/p>\n<p>&nbsp;<\/p>\n<p><strong>Cizalla guillotina IsoCut S 1450:<\/strong><\/p>\n<p>M\u00e1quina fabricada en acero y hierro fundido, construcci\u00f3n s\u00f3lida y precisa.<\/p>\n<p>&#8211; Calibre milim\u00e9trico en la mesa, cortador de tiras plegable ajustable.<br \/>\n&#8211; Cuchillas de acero templado y rectificado.<br \/>\n&#8211; Cuchillo preestablecido y alineado<br \/>\n&#8211; Ancho de corte 1450 mm<br \/>\n&#8211; Altura de la mesa 800 mm<br \/>\n&#8211; Peso 320 kg<br \/>\n&#8211; Dimensiones totales 2300 x 1120 x970 mm<\/p>\n<p>&#8211; Art. 3.606.50<\/p>\n<p><strong>Estante de drenaje para S 1450<\/strong> (opcional):<\/p>\n<p>&#8211; 5 niveles<br \/>\n&#8211; Dimensiones 1760 x 1570 mm<br \/>\n&#8211; Capacidad de rollo \u00d8 400 x 1500<br \/>\n&#8211; Peso 80 kg<\/p>\n<p>&#8211; Art\u00edculo n\u00ba 3.606.55<\/p>\n","protected":false},"excerpt":{"rendered":"<p>Las cizallas de guillotina para papel aislante, recientemente desarrolladas en 2021, son m\u00e1quinas robustas, resistentes al desgaste y s\u00f3lidas para procesar papel aislante. Incorporamos algunas innovaciones y detalles del trabajo pr\u00e1ctico en el dise\u00f1o.<\/p>\n<p><strong><span style=\"color: #ff0000;\">Aqu\u00ed est\u00e1n los videos de las tijeras de guillotina:<\/span><\/strong><\/p>\n<p><a href=\"https:\/\/www.youtube.com\/playlist?list=PLga7aj3HB7vsY6_n4EUfs3RX5jE6v7SYl\">Corte | Tijeras guillotina ISO Cut D &#8211; YouTube<\/a><\/p>\n","protected":false},"featured_media":11569,"comment_status":"open","ping_status":"closed","template":"","meta":[],"product_brand":[],"product_cat":[314],"product_tag":[115,119,124,127,129],"class_list":{"0":"post-11560","1":"product","2":"type-product","3":"status-publish","4":"has-post-thumbnail","6":"product_cat-corte","7":"product_tag-isolationspapier-es","8":"product_tag-pappschere-es","9":"product_tag-schlagschere-es","10":"product_tag-schneidmaschine-es","11":"product_tag-tafelschere-es","13":"first","14":"instock","15":"taxable","16":"shipping-taxable","17":"product-type-variable"},"_links":{"self":[{"href":"https:\/\/www.karl-wetzel.com\/es\/wp-json\/wp\/v2\/product\/11560","targetHints":{"allow":["GET"]}}],"collection":[{"href":"https:\/\/www.karl-wetzel.com\/es\/wp-json\/wp\/v2\/product"}],"about":[{"href":"https:\/\/www.karl-wetzel.com\/es\/wp-json\/wp\/v2\/types\/product"}],"replies":[{"embeddable":true,"href":"https:\/\/www.karl-wetzel.com\/es\/wp-json\/wp\/v2\/comments?post=11560"}],"wp:featuredmedia":[{"embeddable":true,"href":"https:\/\/www.karl-wetzel.com\/es\/wp-json\/wp\/v2\/media\/11569"}],"wp:attachment":[{"href":"https:\/\/www.karl-wetzel.com\/es\/wp-json\/wp\/v2\/media?parent=11560"}],"wp:term":[{"taxonomy":"product_brand","embeddable":true,"href":"https:\/\/www.karl-wetzel.com\/es\/wp-json\/wp\/v2\/product_brand?post=11560"},{"taxonomy":"product_cat","embeddable":true,"href":"https:\/\/www.karl-wetzel.com\/es\/wp-json\/wp\/v2\/product_cat?post=11560"},{"taxonomy":"product_tag","embeddable":true,"href":"https:\/\/www.karl-wetzel.com\/es\/wp-json\/wp\/v2\/product_tag?post=11560"}],"curies":[{"name":"wp","href":"https:\/\/api.w.org\/{rel}","templated":true}]}}