{"id":11365,"date":"2024-04-09T07:48:06","date_gmt":"2024-04-09T05:50:43","guid":{"rendered":"https:\/\/www.karl-wetzel.com\/produkt\/polipasto-rototrans\/"},"modified":"2024-04-09T07:50:43","modified_gmt":"2024-04-09T05:50:43","slug":"polipasto-rototrans","status":"publish","type":"product","link":"https:\/\/www.karl-wetzel.com\/es\/producto\/polipasto-rototrans\/","title":{"rendered":"polipasto rototrans"},"content":{"rendered":"<p><strong>Con nuestros polipastos para rotores de varios tama\u00f1os, es f\u00e1cil, seguro y preciso transportar los rotores pesados \u200b\u200by transportarlos, instalarlos y retirarlos de forma segura.<\/strong><\/p>\n<p><strong>Estos dispositivos permiten una instalaci\u00f3n y remoci\u00f3n c\u00f3moda, segura y protegida de todos<br \/>\nAnclajes (hasta 400 kg) de los estatores. El manejo es muy f\u00e1cil.<\/strong><\/p>\n<p><strong>Dependiendo del di\u00e1metro del eje, est\u00e1n disponibles<\/strong> <strong>di\u00e1metros de tubo de soporte de 50, 60, 80 o 100<\/strong> mm.<\/p>\n<p>En funci\u00f3n del peso del ancla, seleccione la rejilla adecuada para el ojal del polipasto de cadena en el asa de transporte superior.<\/p>\n<p>La barra de soporte lateral proporciona una gu\u00eda segura durante el desmontaje, el montaje y el transporte.<\/p>\n<h2>Especificaciones t\u00e9cnicas:<\/h2>\n<p>peso 60 kg<br \/>\nDimensiones 90 x 130 x 30 mm<\/p>\n","protected":false},"excerpt":{"rendered":"<p>Con nuestros polipastos para rotores de varios tama\u00f1os, es f\u00e1cil, seguro y preciso transportar los rotores pesados \u200b\u200by transportarlos, instalarlos y retirarlos de forma segura. Estos dispositivos permiten una instalaci\u00f3n y remoci\u00f3n c\u00f3moda, segura y protegida de todos Anclajes (hasta 400 kg) de los estatores. El manejo es muy f\u00e1cil. Dependiendo del di\u00e1metro del eje, &#8230; <a title=\"polipasto rototrans\" class=\"read-more\" href=\"https:\/\/www.karl-wetzel.com\/es\/producto\/polipasto-rototrans\/\" aria-label=\"Leer m\u00e1s sobre polipasto rototrans\">Leer m\u00e1s<\/a><\/p>\n","protected":false},"featured_media":11361,"comment_status":"open","ping_status":"closed","template":"","meta":[],"product_brand":[],"product_cat":[156],"product_tag":[],"class_list":{"0":"post-11365","1":"product","2":"type-product","3":"status-publish","4":"has-post-thumbnail","6":"product_cat-instrumentos","8":"first","9":"instock","10":"taxable","11":"shipping-taxable","12":"product-type-simple"},"_links":{"self":[{"href":"https:\/\/www.karl-wetzel.com\/es\/wp-json\/wp\/v2\/product\/11365","targetHints":{"allow":["GET"]}}],"collection":[{"href":"https:\/\/www.karl-wetzel.com\/es\/wp-json\/wp\/v2\/product"}],"about":[{"href":"https:\/\/www.karl-wetzel.com\/es\/wp-json\/wp\/v2\/types\/product"}],"replies":[{"embeddable":true,"href":"https:\/\/www.karl-wetzel.com\/es\/wp-json\/wp\/v2\/comments?post=11365"}],"wp:featuredmedia":[{"embeddable":true,"href":"https:\/\/www.karl-wetzel.com\/es\/wp-json\/wp\/v2\/media\/11361"}],"wp:attachment":[{"href":"https:\/\/www.karl-wetzel.com\/es\/wp-json\/wp\/v2\/media?parent=11365"}],"wp:term":[{"taxonomy":"product_brand","embeddable":true,"href":"https:\/\/www.karl-wetzel.com\/es\/wp-json\/wp\/v2\/product_brand?post=11365"},{"taxonomy":"product_cat","embeddable":true,"href":"https:\/\/www.karl-wetzel.com\/es\/wp-json\/wp\/v2\/product_cat?post=11365"},{"taxonomy":"product_tag","embeddable":true,"href":"https:\/\/www.karl-wetzel.com\/es\/wp-json\/wp\/v2\/product_tag?post=11365"}],"curies":[{"name":"wp","href":"https:\/\/api.w.org\/{rel}","templated":true}]}}