{"id":11297,"date":"2023-12-13T10:19:53","date_gmt":"2023-12-13T09:19:58","guid":{"rendered":"https:\/\/www.karl-wetzel.com\/?post_type=product&#038;p=11297"},"modified":"2024-10-09T07:50:54","modified_gmt":"2024-10-09T05:50:54","slug":"maquina-plegadora-rotaflex-kopie","status":"publish","type":"product","link":"https:\/\/www.karl-wetzel.com\/es\/producto\/maquina-plegadora-rotaflex-kopie\/","title":{"rendered":"M\u00e1quina plegadora RotaFlex"},"content":{"rendered":"<p><a href=\"https:\/\/www.youtube.com\/playlist?list=PLga7aj3HB7vvznktoYe_pk-uvt-oY5w1z\" target=\"_blank\" rel=\"noopener\"><span style=\"color: #ff0000;\"><strong>Aqu\u00ed est\u00e1n nuestros videos sobre aislamiento plegable<\/strong><\/span><\/a><\/p>\n<p><strong><span style=\"color: #ff0000;\"><a style=\"color: #ff0000;\" href=\"https:\/\/www.youtube.com\/playlist?list=PLga7aj3HB7vvznktoYe_pk-uvt-oY5w1z\" target=\"_blank\" rel=\"noopener\">manual de instrucciones<\/a><\/span><\/strong><\/p>\n<p>La m\u00e1quina plegadora \u00abROTAFLEX\u00bb se utiliza para producir aislamiento de ranuras a partir de todos los materiales convencionales, como cart\u00f3n prensado, cuero, micanita plegada, l\u00e1minas cortadas y nuevos materiales. El ajuste es f\u00e1cil, r\u00e1pido y preciso. Se utiliza una mesa auxiliar adjunta (opcional) para reforzar los bordes del aislamiento (bridas).<\/p>\n<p>&nbsp;<\/p>\n","protected":false},"excerpt":{"rendered":"<p><a href=\"https:\/\/www.youtube.com\/playlist?list=PLga7aj3HB7vvznktoYe_pk-uvt-oY5w1z\" target=\"_blank\" rel=\"noopener\"><span style=\"color: #ff0000;\"><strong>Aqu\u00ed est\u00e1n nuestros videos sobre aislamiento plegable<\/strong><\/span><\/a><\/p>\n<h2>Especificaciones t\u00e9cnicas:<\/h2>\n<table style=\"height: 351px;\" width=\"712\">\n<tbody>\n<tr>\n<td width=\"167\">Max. ancho de la tira:<\/td>\n<td width=\"143\">150 mm<\/td>\n<td width=\"143\">220 mm<\/td>\n<td width=\"143\">50 a 500 mm<\/td>\n<\/tr>\n<tr>\n<td>Pliegue ajustable:<\/td>\n<td>3 a 140 mm<\/td>\n<td>8 a 210 mm<\/td>\n<td>55 a 490 mm<\/td>\n<\/tr>\n<tr>\n<td>N\u00famero de art\u00edculo:<\/td>\n<td>3.120.10<\/td>\n<td>3.120,20<\/td>\n<td>3.120,30<\/td>\n<\/tr>\n<tr>\n<td>Aislamiento:<\/td>\n<td>0,15 a 0,40 mm<\/td>\n<td>0,15 a 0,40 mm<\/td>\n<td>0,15 a 0,40 mm<\/td>\n<\/tr>\n<tr>\n<td>Realce:<\/td>\n<td>hasta 20m\/min<\/td>\n<td>hasta 20m\/min<\/td>\n<td>hasta 20m\/min<\/td>\n<\/tr>\n<tr>\n<td>Streifenl\u00e4nge:<\/td>\n<td>ilimitado<\/td>\n<td>ilimitado<\/td>\n<td>ilimitado<\/td>\n<\/tr>\n<tr>\n<td>Conexi\u00f3n:<\/td>\n<td>230 V, 50 Hz<\/td>\n<td>230 V, 50 Hz<\/td>\n<td>230 V, 50 Hz<\/td>\n<\/tr>\n<tr>\n<td>Cuadro:<\/td>\n<td>Azul\/Amarillo\/Gris<\/td>\n<td>Azul\/Amarillo\/Gris<\/td>\n<td>Azul\/Amarillo\/Gris<\/td>\n<\/tr>\n<tr>\n<td colspan=\"4\"><\/td>\n<\/tr>\n<tr>\n<td width=\"167\">M\u00f3dulo de mesa auxiliar adicional para 150 \/ 220 \/ 500<\/td>\n<td width=\"167\">3.122.00<\/td>\n<td>3.122.00<\/td>\n<td>3.122.00<\/td>\n<td><\/td>\n<\/tr>\n<\/tbody>\n<\/table>\n<p>&nbsp;<\/p>\n","protected":false},"featured_media":10536,"comment_status":"closed","ping_status":"closed","template":"","meta":[],"product_brand":[],"product_cat":[140],"product_tag":[],"class_list":{"0":"post-11297","1":"product","2":"type-product","3":"status-publish","4":"has-post-thumbnail","6":"product_cat-plegable","8":"first","9":"instock","10":"taxable","11":"shipping-taxable","12":"product-type-variable"},"_links":{"self":[{"href":"https:\/\/www.karl-wetzel.com\/es\/wp-json\/wp\/v2\/product\/11297","targetHints":{"allow":["GET"]}}],"collection":[{"href":"https:\/\/www.karl-wetzel.com\/es\/wp-json\/wp\/v2\/product"}],"about":[{"href":"https:\/\/www.karl-wetzel.com\/es\/wp-json\/wp\/v2\/types\/product"}],"replies":[{"embeddable":true,"href":"https:\/\/www.karl-wetzel.com\/es\/wp-json\/wp\/v2\/comments?post=11297"}],"wp:featuredmedia":[{"embeddable":true,"href":"https:\/\/www.karl-wetzel.com\/es\/wp-json\/wp\/v2\/media\/10536"}],"wp:attachment":[{"href":"https:\/\/www.karl-wetzel.com\/es\/wp-json\/wp\/v2\/media?parent=11297"}],"wp:term":[{"taxonomy":"product_brand","embeddable":true,"href":"https:\/\/www.karl-wetzel.com\/es\/wp-json\/wp\/v2\/product_brand?post=11297"},{"taxonomy":"product_cat","embeddable":true,"href":"https:\/\/www.karl-wetzel.com\/es\/wp-json\/wp\/v2\/product_cat?post=11297"},{"taxonomy":"product_tag","embeddable":true,"href":"https:\/\/www.karl-wetzel.com\/es\/wp-json\/wp\/v2\/product_tag?post=11297"}],"curies":[{"name":"wp","href":"https:\/\/api.w.org\/{rel}","templated":true}]}}