{"id":10578,"date":"2023-04-10T19:47:33","date_gmt":"2023-04-10T17:47:36","guid":{"rendered":"https:\/\/www.karl-wetzel.com\/?post_type=product&#038;p=10578"},"modified":"2025-04-07T09:28:26","modified_gmt":"2025-04-07T07:28:26","slug":"plegadora-rotamax","status":"publish","type":"product","link":"https:\/\/www.karl-wetzel.com\/es\/producto\/plegadora-rotamax\/","title":{"rendered":"M\u00e1quina plegadora RotaMax"},"content":{"rendered":"<p>La m\u00e1quina autom\u00e1tica de plegado y corte \u00abRotamat\u00bb se utiliza para producir aislamiento de ranuras a partir de todos los materiales aislantes convencionales. Los rollos de cinta se moldean suavemente sin calentamiento. La m\u00e1quina est\u00e1 dividida en m\u00f3dulos que se pueden ampliar de forma independiente.<\/p>\n<p>Mando: Siemens S7\/1200<\/p>\n<div id=\"Tabelle10LYR\">\n<div><strong>M\u00f3dulos RotaMax:<\/strong><\/div>\n<div><\/div>\n<div>\n<table id=\"Tabelle10\" border=\"1\">\n<tbody>\n<tr>\n<td id=\"Zelle204\">Dobla la base a lo largo<\/td>\n<td id=\"Zelle205\">3.121.10<\/td>\n<\/tr>\n<tr>\n<td id=\"Zelle206\">M\u00f3dulo plegable<\/td>\n<td id=\"Zelle207\">3.122.10<\/td>\n<\/tr>\n<tr>\n<td id=\"Zelle208\">m\u00f3dulo de corte<\/td>\n<td id=\"Zelle209\">3.123.10<\/td>\n<\/tr>\n<\/tbody>\n<\/table>\n<div><\/div>\n<\/div>\n<\/div>\n","protected":false},"excerpt":{"rendered":"<h2>Especificaciones t\u00e9cnicas:<\/h2>\n<table>\n<tbody>\n<tr>\n<td width=\"193\">tipo de m\u00e1quina<\/td>\n<td width=\"83\">banda ancha<br \/>\n150 mm<\/td>\n<td width=\"100\">banda ancha<br \/>\n220 mm<\/td>\n<\/tr>\n<tr>\n<td>Pliegue ajustable:<\/td>\n<td width=\"83\">3 a 130 mm<\/td>\n<td width=\"100\">3 a 200 mm<\/td>\n<\/tr>\n<tr>\n<td>fuerza de aislamiento<br \/>\n(con bordes cortantes):<\/td>\n<td colspan=\"2\">0,08 a 0,38 mm<\/td>\n<\/tr>\n<tr>\n<td>velocidad de avance:<\/td>\n<td colspan=\"2\">6m\/min<\/td>\n<\/tr>\n<tr>\n<td>longitud de corte:<\/td>\n<td colspan=\"2\">ilimitado<\/td>\n<\/tr>\n<tr>\n<td>capacidad de corte:<\/td>\n<td colspan=\"2\">a 50 mm 5000 uds.\/h<\/td>\n<\/tr>\n<tr>\n<td>Conexi\u00f3n el\u00e9ctrica:<\/td>\n<td colspan=\"2\">400V, 50Hz<\/td>\n<\/tr>\n<tr>\n<td>Acabado est\u00e1ndar:<\/td>\n<td colspan=\"2\">Azul amarillo<\/td>\n<\/tr>\n<\/tbody>\n<\/table>\n<p><span style=\"color: #ff0000;\"><a style=\"color: #ff0000;\" href=\"https:\/\/www.karl-wetzel.com\/wp-content\/uploads\/2023\/05\/RotaMax-Seite-1.pdf\" target=\"_blank\" rel=\"noopener\">descargar 1<\/a><\/span><br \/>\n<span style=\"color: #ff0000;\"><a style=\"color: #ff0000;\" href=\"https:\/\/www.karl-wetzel.com\/wp-content\/uploads\/2023\/05\/RotaMax-Seite-2.pdf\" target=\"_blank\" rel=\"noopener\">descargar 2<\/a><\/span><\/p>\n<p><span style=\"color: #ff0000;\"><a style=\"color: #ff0000;\" href=\"https:\/\/youtu.be\/47pjRX7Rnx0\" target=\"_blank\" rel=\"noopener\">V\u00eddeo 1<\/a><\/span><br \/>\n<span style=\"color: #ff0000;\"><a style=\"color: #ff0000;\" href=\"https:\/\/youtu.be\/Ro_SfF1yMKE\" target=\"_blank\" rel=\"noopener\">V\u00eddeo 2<\/a><\/span><\/p>\n","protected":false},"featured_media":10540,"comment_status":"closed","ping_status":"closed","template":"","meta":[],"product_brand":[],"product_cat":[140],"product_tag":[],"class_list":{"0":"post-10578","1":"product","2":"type-product","3":"status-publish","4":"has-post-thumbnail","6":"product_cat-plegable","8":"first","9":"instock","10":"taxable","11":"shipping-taxable","12":"product-type-variable"},"_links":{"self":[{"href":"https:\/\/www.karl-wetzel.com\/es\/wp-json\/wp\/v2\/product\/10578","targetHints":{"allow":["GET"]}}],"collection":[{"href":"https:\/\/www.karl-wetzel.com\/es\/wp-json\/wp\/v2\/product"}],"about":[{"href":"https:\/\/www.karl-wetzel.com\/es\/wp-json\/wp\/v2\/types\/product"}],"replies":[{"embeddable":true,"href":"https:\/\/www.karl-wetzel.com\/es\/wp-json\/wp\/v2\/comments?post=10578"}],"wp:featuredmedia":[{"embeddable":true,"href":"https:\/\/www.karl-wetzel.com\/es\/wp-json\/wp\/v2\/media\/10540"}],"wp:attachment":[{"href":"https:\/\/www.karl-wetzel.com\/es\/wp-json\/wp\/v2\/media?parent=10578"}],"wp:term":[{"taxonomy":"product_brand","embeddable":true,"href":"https:\/\/www.karl-wetzel.com\/es\/wp-json\/wp\/v2\/product_brand?post=10578"},{"taxonomy":"product_cat","embeddable":true,"href":"https:\/\/www.karl-wetzel.com\/es\/wp-json\/wp\/v2\/product_cat?post=10578"},{"taxonomy":"product_tag","embeddable":true,"href":"https:\/\/www.karl-wetzel.com\/es\/wp-json\/wp\/v2\/product_tag?post=10578"}],"curies":[{"name":"wp","href":"https:\/\/api.w.org\/{rel}","templated":true}]}}