{"id":10257,"date":"2022-10-02T15:45:37","date_gmt":"2022-10-02T13:45:45","guid":{"rendered":"https:\/\/www.karl-wetzel.com\/?post_type=product&#038;p=10257"},"modified":"2025-01-08T10:18:10","modified_gmt":"2025-01-08T09:18:10","slug":"dispositivo-para-doblar-horquillas","status":"publish","type":"product","link":"https:\/\/www.karl-wetzel.com\/es\/producto\/dispositivo-para-doblar-horquillas\/","title":{"rendered":"Dispositivo para doblar horquillas"},"content":{"rendered":"<p>Para poder producir bobinas de forma abierta, se requieren 5 pasos de trabajo diferentes. Hemos implementado estas secuencias de trabajo en 5 m\u00e1quinas o dispositivos. Estos deben configurarse individualmente para que solo se requieran estos dispositivos.<\/p>\n<p>Se garantiza un alto nivel de eficiencia econ\u00f3mica del dispositivo, ya que las dimensiones y dimensiones de las bobinas preformadas abiertas se pueden ajustar de forma variable. Adem\u00e1s, los devanados de onda y los devanados de bucle se pueden doblar.<\/p>\n<p>Los tiempos de preparaci\u00f3n oscilan entre 15 y 25 minutos.<\/p>\n<p>Hemos dividido las principales operaciones de la siguiente manera.<\/p>\n<ul>\n<li>Enderezar y cortar alambre plano<\/li>\n<li>Pelar los extremos del cable<\/li>\n<li>Doblando la horquilla<\/li>\n<li>Desviaci\u00f3n de la bobina (devanado de onda o devanado de bucle)<\/li>\n<li>curva involuta<\/li>\n<\/ul>\n","protected":false},"excerpt":{"rendered":"<h2>Dispositivo para doblar horquillas<\/h2>\n<p>Se garantiza un alto nivel de eficiencia econ\u00f3mica del dispositivo, ya que las dimensiones y dimensiones de las bobinas preformadas abiertas se pueden ajustar de forma variable. Adem\u00e1s, los devanados de onda y los devanados de bucle se pueden doblar.<\/p>\n<p>Dependiendo de las dimensiones, se pueden doblar varios alambres de perfil uno sobre el otro.<\/p>\n<p>El radio (el ojo de la bobina de horquilla) es intercambiable y, por lo tanto, se puede seleccionar libremente. El di\u00e1metro m\u00ednimo de flexi\u00f3n es de 4 mm. La longitud de la bobina de horquilla y el ancho del cable son ajustables.<\/p>\n<p>El doblado se realiza a trav\u00e9s de una palanca manual en un elemento de doblado fijo.<\/p>\n","protected":false},"featured_media":2755,"comment_status":"closed","ping_status":"closed","template":"","meta":[],"product_brand":[],"product_cat":[204],"product_tag":[],"class_list":{"0":"post-10257","1":"product","2":"type-product","3":"status-publish","4":"has-post-thumbnail","6":"product_cat-formarbobinas","8":"first","9":"instock","10":"taxable","11":"shipping-taxable","12":"product-type-variable"},"_links":{"self":[{"href":"https:\/\/www.karl-wetzel.com\/es\/wp-json\/wp\/v2\/product\/10257","targetHints":{"allow":["GET"]}}],"collection":[{"href":"https:\/\/www.karl-wetzel.com\/es\/wp-json\/wp\/v2\/product"}],"about":[{"href":"https:\/\/www.karl-wetzel.com\/es\/wp-json\/wp\/v2\/types\/product"}],"replies":[{"embeddable":true,"href":"https:\/\/www.karl-wetzel.com\/es\/wp-json\/wp\/v2\/comments?post=10257"}],"wp:featuredmedia":[{"embeddable":true,"href":"https:\/\/www.karl-wetzel.com\/es\/wp-json\/wp\/v2\/media\/2755"}],"wp:attachment":[{"href":"https:\/\/www.karl-wetzel.com\/es\/wp-json\/wp\/v2\/media?parent=10257"}],"wp:term":[{"taxonomy":"product_brand","embeddable":true,"href":"https:\/\/www.karl-wetzel.com\/es\/wp-json\/wp\/v2\/product_brand?post=10257"},{"taxonomy":"product_cat","embeddable":true,"href":"https:\/\/www.karl-wetzel.com\/es\/wp-json\/wp\/v2\/product_cat?post=10257"},{"taxonomy":"product_tag","embeddable":true,"href":"https:\/\/www.karl-wetzel.com\/es\/wp-json\/wp\/v2\/product_tag?post=10257"}],"curies":[{"name":"wp","href":"https:\/\/api.w.org\/{rel}","templated":true}]}}