{"id":3624,"date":"2022-01-06T11:08:34","date_gmt":"2022-01-06T10:08:34","guid":{"rendered":"https:\/\/www.karl-wetzel.com\/ley-proteccion-de-datos\/"},"modified":"2025-04-03T17:37:16","modified_gmt":"2025-04-03T15:37:16","slug":"ley-proteccion-de-datos","status":"publish","type":"page","link":"https:\/\/www.karl-wetzel.com\/es\/ley-proteccion-de-datos\/","title":{"rendered":"Ley &#8211; protecci\u00f3n de datos"},"content":{"rendered":"\n<h2 class=\"wp-block-heading\">quienes somos<\/h2>\n\n<p>Somos ELEKTRO sistemas de fabricaci\u00f3n | Calle Roggental 2 | DE-73312 Geislingen. La direcci\u00f3n de nuestro sitio web es: https:\/\/www.karl-wetzel.com.<\/p>\n\n<h2 class=\"wp-block-heading\">Comentarios<\/h2>\n\n<p>Cuando los visitantes escriben comentarios en el sitio web, recopilamos los datos que se muestran en el formulario de comentarios, as\u00ed como la direcci\u00f3n IP del visitante y la cadena de agente de usuario (esto se utiliza para identificar el navegador) para respaldar la detecci\u00f3n de spam.<\/p>\n\n<p>Se puede crear una cadena an\u00f3nima de caracteres (tambi\u00e9n llamada hash) a partir de su direcci\u00f3n de correo electr\u00f3nico y enviarla al servicio Gravatar para verificar si la est\u00e1 utilizando. Puede encontrar la declaraci\u00f3n de protecci\u00f3n de datos del servicio Gravatar aqu\u00ed: https:\/\/automattic.com\/privacy\/. Una vez que su comentario ha sido aprobado, su foto de perfil es visible p\u00fablicamente en el contexto de su comentario.<\/p>\n\n<h2 class=\"wp-block-heading\">medios de comunicaci\u00f3n<\/h2>\n\n<p>Si es un usuario registrado y carga fotos en este sitio web, debe evitar cargar fotos con una ubicaci\u00f3n GPS EXIF. Los visitantes de este sitio web pueden descargar fotos que se almacenan en este sitio web y extraer su informaci\u00f3n de ubicaci\u00f3n.<\/p>\n\n<h2 class=\"wp-block-heading\">Galletas<\/h2>\n\n<p>Si escribe un comentario en nuestro sitio web, este puede ser un consentimiento para guardar su nombre, direcci\u00f3n de correo electr\u00f3nico y sitio web en cookies. Esta es una funci\u00f3n de conveniencia para que no tenga que volver a ingresar todos estos datos si escribe otro comentario. Estas cookies se almacenan durante un a\u00f1o.<\/p>\n\n<p>Si tiene una cuenta e inicia sesi\u00f3n en este sitio web, configuraremos una cookie temporal para determinar si su navegador acepta cookies. Esta cookie no contiene ning\u00fan dato personal y se descarta cuando cierra su navegador.<\/p>\n\n<p>Cuando inicie sesi\u00f3n, configuraremos algunas cookies para guardar su informaci\u00f3n de inicio de sesi\u00f3n y mostrar opciones. Las cookies de inicio de sesi\u00f3n caducan despu\u00e9s de dos d\u00edas y las cookies para las opciones de visualizaci\u00f3n despu\u00e9s de un a\u00f1o. Si selecciona \u00abNo cerrar sesi\u00f3n\u00bb al registrarse, su registro se mantendr\u00e1 durante dos semanas. Cuando cierra sesi\u00f3n en su cuenta, las cookies de inicio de sesi\u00f3n se eliminan.<\/p>\n\n<p>Cuando edita o publica un art\u00edculo, se guarda una cookie adicional en su navegador. Esta cookie no contiene ning\u00fan dato personal y solo se refiere al ID de publicaci\u00f3n del art\u00edculo que acaba de editar. La cookie caduca despu\u00e9s de un d\u00eda.<\/p>\n\n<h2 class=\"wp-block-heading\">Contenido incrustado de otros sitios web<\/h2>\n\n<p>Los art\u00edculos de este sitio web pueden contener contenido incrustado (por ejemplo, videos, im\u00e1genes, art\u00edculos, etc.). El contenido incrustado de otros sitios web se comporta exactamente como si el visitante hubiera visitado el otro sitio web.<\/p>\n\n<p>Estos sitios web pueden recopilar datos sobre usted, utilizar cookies, incorporar servicios de seguimiento adicionales de terceros y registrar su interacci\u00f3n con este contenido incrustado, incluida su interacci\u00f3n con el contenido incrustado, si tiene una cuenta y ha iniciado sesi\u00f3n en este sitio web.<\/p>\n\n<h2 class=\"wp-block-heading\">Con qui\u00e9n compartimos sus datos<\/h2>\n\n<p>Si solicita un restablecimiento de contrase\u00f1a, su direcci\u00f3n IP se incluir\u00e1 en el correo electr\u00f3nico de restablecimiento.<\/p>\n\n<h2 class=\"wp-block-heading\">Cu\u00e1nto tiempo conservamos sus datos<\/h2>\n\n<p>Si escribe un comentario, se guardar\u00e1 indefinidamente, incluidos los metadatos. De esta manera, podemos reconocer y aprobar autom\u00e1ticamente los comentarios de seguimiento en lugar de mantenerlos en una cola de moderaci\u00f3n.<\/p>\n\n<p>Para los usuarios que se registran en nuestro sitio web, tambi\u00e9n guardamos la informaci\u00f3n personal que proporcionan en sus perfiles de usuario. Todos los usuarios pueden ver, cambiar o eliminar su informaci\u00f3n personal en cualquier momento (el nombre de usuario no se puede cambiar). Los administradores del sitio web tambi\u00e9n pueden ver y cambiar esta informaci\u00f3n.<\/p>\n\n<h2 class=\"wp-block-heading\">Que derechos tienes sobre tus datos<\/h2>\n\n<p>Si tiene una cuenta en este sitio web o tiene comentarios escritos, puede solicitarnos una exportaci\u00f3n de sus datos personales, incluidos todos los datos que nos haya proporcionado. Adem\u00e1s, puede solicitar la eliminaci\u00f3n de todos los datos personales que tengamos almacenados sobre usted. Esto no incluye los datos que tenemos que conservar por motivos administrativos, legales o de seguridad.<\/p>\n\n<h2 class=\"wp-block-heading\">\u00bfA d\u00f3nde enviamos sus datos?<\/h2>\n\n<p>Los comentarios de los visitantes pueden ser revisados por un servicio de detecci\u00f3n autom\u00e1tica de spam.<\/p>\n","protected":false},"excerpt":{"rendered":"<p>quienes somos Somos ELEKTRO sistemas de fabricaci\u00f3n | Calle Roggental 2 | DE-73312 Geislingen. La direcci\u00f3n de nuestro sitio web es: https:\/\/www.karl-wetzel.com. Comentarios Cuando los visitantes escriben comentarios en el sitio web, recopilamos los datos que se muestran en el formulario de comentarios, as\u00ed como la direcci\u00f3n IP del visitante y la cadena de agente &#8230; <a title=\"Ley &#8211; protecci\u00f3n de datos\" class=\"read-more\" href=\"https:\/\/www.karl-wetzel.com\/es\/ley-proteccion-de-datos\/\" aria-label=\"Leer m\u00e1s sobre Ley &#8211; protecci\u00f3n de datos\">Leer m\u00e1s<\/a><\/p>\n","protected":false},"author":1,"featured_media":0,"parent":0,"menu_order":0,"comment_status":"closed","ping_status":"closed","template":"","meta":{"footnotes":""},"class_list":["post-3624","page","type-page","status-publish"],"_links":{"self":[{"href":"https:\/\/www.karl-wetzel.com\/es\/wp-json\/wp\/v2\/pages\/3624","targetHints":{"allow":["GET"]}}],"collection":[{"href":"https:\/\/www.karl-wetzel.com\/es\/wp-json\/wp\/v2\/pages"}],"about":[{"href":"https:\/\/www.karl-wetzel.com\/es\/wp-json\/wp\/v2\/types\/page"}],"author":[{"embeddable":true,"href":"https:\/\/www.karl-wetzel.com\/es\/wp-json\/wp\/v2\/users\/1"}],"replies":[{"embeddable":true,"href":"https:\/\/www.karl-wetzel.com\/es\/wp-json\/wp\/v2\/comments?post=3624"}],"version-history":[{"count":2,"href":"https:\/\/www.karl-wetzel.com\/es\/wp-json\/wp\/v2\/pages\/3624\/revisions"}],"predecessor-version":[{"id":11643,"href":"https:\/\/www.karl-wetzel.com\/es\/wp-json\/wp\/v2\/pages\/3624\/revisions\/11643"}],"wp:attachment":[{"href":"https:\/\/www.karl-wetzel.com\/es\/wp-json\/wp\/v2\/media?parent=3624"}],"curies":[{"name":"wp","href":"https:\/\/api.w.org\/{rel}","templated":true}]}}