{"id":3511,"date":"2022-01-05T19:37:42","date_gmt":"2022-01-05T18:37:42","guid":{"rendered":"https:\/\/www.karl-wetzel.com\/empresa\/"},"modified":"2025-12-28T13:07:35","modified_gmt":"2025-12-28T12:07:35","slug":"empresa","status":"publish","type":"page","link":"https:\/\/www.karl-wetzel.com\/es\/empresa\/","title":{"rendered":"Empresa"},"content":{"rendered":"\n<div class=\"wp-block-cover alignfull has-custom-content-position is-position-top-left\"><img loading=\"lazy\" decoding=\"async\" width=\"1600\" height=\"390\" class=\"wp-block-cover__image-background wp-image-13855\" alt=\"\" src=\"https:\/\/www.karl-wetzel.com\/wp-content\/uploads\/2025\/12\/Unternehmen.jpeg\" data-object-fit=\"cover\" srcset=\"https:\/\/www.karl-wetzel.com\/wp-content\/uploads\/2025\/12\/Unternehmen.jpeg 1600w, https:\/\/www.karl-wetzel.com\/wp-content\/uploads\/2025\/12\/Unternehmen-300x73.jpeg 300w, https:\/\/www.karl-wetzel.com\/wp-content\/uploads\/2025\/12\/Unternehmen-1024x250.jpeg 1024w, https:\/\/www.karl-wetzel.com\/wp-content\/uploads\/2025\/12\/Unternehmen-768x187.jpeg 768w, https:\/\/www.karl-wetzel.com\/wp-content\/uploads\/2025\/12\/Unternehmen-1536x374.jpeg 1536w, https:\/\/www.karl-wetzel.com\/wp-content\/uploads\/2025\/12\/Unternehmen-600x146.jpeg 600w\" sizes=\"auto, (max-width: 1600px) 100vw, 1600px\" \/><span aria-hidden=\"true\" class=\"wp-block-cover__background has-background-dim-0 has-background-dim\"><\/span><div class=\"wp-block-cover__inner-container is-layout-flow wp-block-cover-is-layout-flow\">\n<div class=\"wp-block-columns is-layout-flex wp-container-core-columns-is-layout-9d6595d7 wp-block-columns-is-layout-flex\">\n<div class=\"wp-block-column is-layout-flow wp-block-column-is-layout-flow\" style=\"flex-basis:100%\">\n<p class=\"has-text-align-center has-medium-font-size\">Empresa<\/p>\n<\/div>\n<\/div>\n<\/div><\/div>\n\n<div style=\"height:50px\" aria-hidden=\"true\" class=\"wp-block-spacer\"><\/div>\n\n<p class=\"has-accent-color has-text-color has-link-color has-medium-font-size wp-elements-209d0dcfd1ee94fd624ba613607e4f20\"><strong>La empresa<\/strong><\/p>\n\n<p>El fundador Karl Wetzel abri\u00f3 su empresa en 1946. Inicialmente se centr\u00f3 en el desarrollo de la m\u00e1quina plegadora \u201cRotafix\u201d y herramientas para la fabricaci\u00f3n y reparaci\u00f3n de motores el\u00e9ctricos.<\/p>\n\n<p>Poco despu\u00e9s se construyeron las primeras m\u00e1quinas para la fabricaci\u00f3n de tiras aislantes y se entregaron a Bremerhaven y Suiza.<\/p>\n\n<p>Como en menos tiempos antes, el mundo y nuestros mercados globales est\u00e1n en movimiento. Para poder contrarrestar esto, hemos formado equipos de proyectos para la mejora continua de nuestros productos y la orientaci\u00f3n estrat\u00e9gica futura.<\/p>\n\n<p class=\"has-accent-color has-text-color has-link-color has-medium-font-size wp-elements-2e28b5187fab9640369b8da0d941f69a\"><strong>\u00bfQui\u00e9n es KARL WETZEL?  <\/strong><\/p>\n\n<p>La mente brillante y fundador de la empresa dise\u00f1\u00f3 poco despu\u00e9s de la Segunda Guerra Mundial dispositivos y m\u00e1quinas que pod\u00edan utilizarse para fabricar, modificar y reparar motores el\u00e9ctricos.<\/p>\n\n<p class=\"has-accent-color has-text-color has-link-color has-medium-font-size wp-elements-416777eae14a43484c5702322ffd0cb6\"><strong>\u00bfEst\u00e1 familiarizado con los sistemas de fabricaci\u00f3n DUDEK?  <\/strong><\/p>\n\n<div style=\"height:25px\" aria-hidden=\"true\" class=\"wp-block-spacer\"><\/div>\n\n<p>En la d\u00e9cada de 1970, su hija y su marido, Peter Dudek, se hicieron cargo del negocio y a\u00f1adieron ampliaciones como el Rotamat, anillos de sujeci\u00f3n, sistemas de bebederos y estaciones de trabajo para envolver.  <\/p>\n\n<p class=\"has-accent-color has-text-color has-link-color has-medium-font-size wp-elements-53316a304d389a9cf890429a02cb870b\"><strong>\u00bfY por qu\u00e9 sistemas de fabricaci\u00f3n EL\u00c9CTRICOS ahora?<\/strong><\/p>\n\n<div style=\"height:25px\" aria-hidden=\"true\" class=\"wp-block-spacer\"><\/div>\n\n<p>A principios de 2020, Uwe Bidlingmaier se hizo cargo de la empresa y la traslad\u00f3 con su equipo de Offenburg a Geislingen\/Steige. Desde entonces, la gama de productos se ha modernizado, complementado y ampliado continuamente.<\/p>\n","protected":false},"excerpt":{"rendered":"<p>La empresa El fundador Karl Wetzel abri\u00f3 su empresa en 1946. Inicialmente se centr\u00f3 en el desarrollo de la m\u00e1quina plegadora \u201cRotafix\u201d y herramientas para la fabricaci\u00f3n y reparaci\u00f3n de motores el\u00e9ctricos. Poco despu\u00e9s se construyeron las primeras m\u00e1quinas para la fabricaci\u00f3n de tiras aislantes y se entregaron a Bremerhaven y Suiza. Como en menos &#8230; <a title=\"Empresa\" class=\"read-more\" href=\"https:\/\/www.karl-wetzel.com\/es\/empresa\/\" aria-label=\"Leer m\u00e1s sobre Empresa\">Leer m\u00e1s<\/a><\/p>\n","protected":false},"author":1,"featured_media":0,"parent":0,"menu_order":0,"comment_status":"closed","ping_status":"closed","template":"","meta":{"footnotes":""},"class_list":["post-3511","page","type-page","status-publish"],"_links":{"self":[{"href":"https:\/\/www.karl-wetzel.com\/es\/wp-json\/wp\/v2\/pages\/3511","targetHints":{"allow":["GET"]}}],"collection":[{"href":"https:\/\/www.karl-wetzel.com\/es\/wp-json\/wp\/v2\/pages"}],"about":[{"href":"https:\/\/www.karl-wetzel.com\/es\/wp-json\/wp\/v2\/types\/page"}],"author":[{"embeddable":true,"href":"https:\/\/www.karl-wetzel.com\/es\/wp-json\/wp\/v2\/users\/1"}],"replies":[{"embeddable":true,"href":"https:\/\/www.karl-wetzel.com\/es\/wp-json\/wp\/v2\/comments?post=3511"}],"version-history":[{"count":5,"href":"https:\/\/www.karl-wetzel.com\/es\/wp-json\/wp\/v2\/pages\/3511\/revisions"}],"predecessor-version":[{"id":14324,"href":"https:\/\/www.karl-wetzel.com\/es\/wp-json\/wp\/v2\/pages\/3511\/revisions\/14324"}],"wp:attachment":[{"href":"https:\/\/www.karl-wetzel.com\/es\/wp-json\/wp\/v2\/media?parent=3511"}],"curies":[{"name":"wp","href":"https:\/\/api.w.org\/{rel}","templated":true}]}}