{"id":3507,"date":"2022-01-05T17:46:36","date_gmt":"2022-01-05T16:46:36","guid":{"rendered":"https:\/\/www.karl-wetzel.com\/ley-pie-de-imprenta\/"},"modified":"2025-01-13T11:11:17","modified_gmt":"2025-01-13T10:11:17","slug":"ley-pie-de-imprenta","status":"publish","type":"page","link":"https:\/\/www.karl-wetzel.com\/es\/ley-pie-de-imprenta\/","title":{"rendered":"Ley &#8211; Pie de imprenta"},"content":{"rendered":"\n<h2 class=\"wp-block-heading\">Informaci\u00f3n seg\u00fan \u00a75 TMG<\/h2>\n\n<p>ELEKTRO Sistemas de fabricaci\u00f3n eK<br\/> Propietario Uwe Bidlingmaier<br\/> Roggentalstra\u00dfe 2<br\/> 73312 Geislingen<br\/> Alemania<br\/> Europa<\/p>\n\n<h2 class=\"wp-block-heading\">Contacto<\/h2>\n\n<p>Tel\u00e9fono: +49 (0)7162 970 775<br\/> Correo electr\u00f3nico: imprint@karl-wetzel.com<\/p>\n\n<h2 class=\"wp-block-heading\">Ley de Impuesto<\/h2>\n\n<p>N\u00famero fiscal 62211\/55821<br\/> N\u00famero de identificaci\u00f3n fiscal: DE 186 79 44 73<br\/> Tribunal de registro de Ulm HRA 728 158<br\/> IHK Goppingen 175 57 24 26<\/p>\n","protected":false},"excerpt":{"rendered":"<p>Informaci\u00f3n seg\u00fan \u00a75 TMG ELEKTRO Sistemas de fabricaci\u00f3n eK Propietario Uwe Bidlingmaier Roggentalstra\u00dfe 2 73312 Geislingen Alemania Europa Contacto Tel\u00e9fono: +49 (0)7162 970 775 Correo electr\u00f3nico: imprint@karl-wetzel.com Ley de Impuesto N\u00famero fiscal 62211\/55821 N\u00famero de identificaci\u00f3n fiscal: DE 186 79 44 73 Tribunal de registro de Ulm HRA 728 158 IHK Goppingen 175 57 24 &#8230; <a title=\"Ley &#8211; Pie de imprenta\" class=\"read-more\" href=\"https:\/\/www.karl-wetzel.com\/es\/ley-pie-de-imprenta\/\" aria-label=\"Leer m\u00e1s sobre Ley &#8211; Pie de imprenta\">Leer m\u00e1s<\/a><\/p>\n","protected":false},"author":1,"featured_media":0,"parent":0,"menu_order":0,"comment_status":"closed","ping_status":"closed","template":"","meta":{"footnotes":""},"class_list":["post-3507","page","type-page","status-publish"],"_links":{"self":[{"href":"https:\/\/www.karl-wetzel.com\/es\/wp-json\/wp\/v2\/pages\/3507","targetHints":{"allow":["GET"]}}],"collection":[{"href":"https:\/\/www.karl-wetzel.com\/es\/wp-json\/wp\/v2\/pages"}],"about":[{"href":"https:\/\/www.karl-wetzel.com\/es\/wp-json\/wp\/v2\/types\/page"}],"author":[{"embeddable":true,"href":"https:\/\/www.karl-wetzel.com\/es\/wp-json\/wp\/v2\/users\/1"}],"replies":[{"embeddable":true,"href":"https:\/\/www.karl-wetzel.com\/es\/wp-json\/wp\/v2\/comments?post=3507"}],"version-history":[{"count":3,"href":"https:\/\/www.karl-wetzel.com\/es\/wp-json\/wp\/v2\/pages\/3507\/revisions"}],"predecessor-version":[{"id":11549,"href":"https:\/\/www.karl-wetzel.com\/es\/wp-json\/wp\/v2\/pages\/3507\/revisions\/11549"}],"wp:attachment":[{"href":"https:\/\/www.karl-wetzel.com\/es\/wp-json\/wp\/v2\/media?parent=3507"}],"curies":[{"name":"wp","href":"https:\/\/api.w.org\/{rel}","templated":true}]}}