{"id":3498,"date":"2022-01-05T17:45:05","date_gmt":"2022-01-05T16:45:05","guid":{"rendered":"https:\/\/www.karl-wetzel.com\/contacto\/"},"modified":"2025-12-27T13:27:13","modified_gmt":"2025-12-27T12:27:13","slug":"contacto","status":"publish","type":"page","link":"https:\/\/www.karl-wetzel.com\/es\/contacto\/","title":{"rendered":"Contacto"},"content":{"rendered":"\n<div class=\"wp-block-cover alignfull has-custom-content-position is-position-top-left\"><img loading=\"lazy\" decoding=\"async\" width=\"1024\" height=\"250\" class=\"wp-block-cover__image-background wp-image-13690\" alt=\"\" src=\"https:\/\/www.karl-wetzel.com\/wp-content\/uploads\/2025\/12\/Stellenangebote-1024x250.jpeg\" data-object-fit=\"cover\" srcset=\"https:\/\/www.karl-wetzel.com\/wp-content\/uploads\/2025\/12\/Stellenangebote-1024x250.jpeg 1024w, https:\/\/www.karl-wetzel.com\/wp-content\/uploads\/2025\/12\/Stellenangebote-300x73.jpeg 300w, https:\/\/www.karl-wetzel.com\/wp-content\/uploads\/2025\/12\/Stellenangebote-768x187.jpeg 768w, https:\/\/www.karl-wetzel.com\/wp-content\/uploads\/2025\/12\/Stellenangebote-1536x374.jpeg 1536w, https:\/\/www.karl-wetzel.com\/wp-content\/uploads\/2025\/12\/Stellenangebote-600x146.jpeg 600w, https:\/\/www.karl-wetzel.com\/wp-content\/uploads\/2025\/12\/Stellenangebote.jpeg 1600w\" sizes=\"auto, (max-width: 1024px) 100vw, 1024px\" \/><span aria-hidden=\"true\" class=\"wp-block-cover__background has-background-dim-0 has-background-dim\"><\/span><div class=\"wp-block-cover__inner-container is-layout-flow wp-block-cover-is-layout-flow\">\n<div class=\"wp-block-columns is-layout-flex wp-container-core-columns-is-layout-9d6595d7 wp-block-columns-is-layout-flex\">\n<div class=\"wp-block-column is-layout-flow wp-block-column-is-layout-flow\" style=\"flex-basis:100%\">\n<p class=\"has-text-align-center has-medium-font-size\">Contacto<\/p>\n<\/div>\n<\/div>\n<\/div><\/div>\n\n<div style=\"height:40px\" aria-hidden=\"true\" class=\"wp-block-spacer\"><\/div>\n\n<p class=\"has-medium-font-size\">ELEKTRO Sistemas de fabricaci\u00f3n eK<br\/> Propietario Uwe Bidlingmaier<br\/> Calle Roggental 2<br\/> DE-73312 Geislingen<br\/> Alemania | Europa<br\/><br\/> Tel\u00e9fono: +49 (0)7331 305522 0<br\/> M\u00f3vil: +49 (0)151 276 14 679<br\/> Correo electr\u00f3nico: office@karl-wetzel.com<\/p>\n\n<h3 class=\"wp-block-heading\"><strong>Entrega de mercanc\u00edas:<\/strong><\/h3>\n\n<p class=\"has-medium-font-size\">Sistemas de fabricaci\u00f3n EL\u00c9CTRICOS<br\/> Recepci\u00f3n de mercanc\u00edas | Pabell\u00f3n 3<br\/> Calle Roggental 2<br\/> DE-73312 Geislingen\/Steige<br\/> Alemania | Europa<\/p>\n\n<p><\/p>\n","protected":false},"excerpt":{"rendered":"<p>ELEKTRO Sistemas de fabricaci\u00f3n eK Propietario Uwe Bidlingmaier Calle Roggental 2 DE-73312 Geislingen Alemania | Europa Tel\u00e9fono: +49 (0)7331 305522 0 M\u00f3vil: +49 (0)151 276 14 679 Correo electr\u00f3nico: office@karl-wetzel.com Entrega de mercanc\u00edas: Sistemas de fabricaci\u00f3n EL\u00c9CTRICOS Recepci\u00f3n de mercanc\u00edas | Pabell\u00f3n 3 Calle Roggental 2 DE-73312 Geislingen\/Steige Alemania | Europa<\/p>\n","protected":false},"author":1,"featured_media":0,"parent":0,"menu_order":0,"comment_status":"closed","ping_status":"closed","template":"","meta":{"footnotes":""},"class_list":["post-3498","page","type-page","status-publish"],"_links":{"self":[{"href":"https:\/\/www.karl-wetzel.com\/es\/wp-json\/wp\/v2\/pages\/3498","targetHints":{"allow":["GET"]}}],"collection":[{"href":"https:\/\/www.karl-wetzel.com\/es\/wp-json\/wp\/v2\/pages"}],"about":[{"href":"https:\/\/www.karl-wetzel.com\/es\/wp-json\/wp\/v2\/types\/page"}],"author":[{"embeddable":true,"href":"https:\/\/www.karl-wetzel.com\/es\/wp-json\/wp\/v2\/users\/1"}],"replies":[{"embeddable":true,"href":"https:\/\/www.karl-wetzel.com\/es\/wp-json\/wp\/v2\/comments?post=3498"}],"version-history":[{"count":5,"href":"https:\/\/www.karl-wetzel.com\/es\/wp-json\/wp\/v2\/pages\/3498\/revisions"}],"predecessor-version":[{"id":13852,"href":"https:\/\/www.karl-wetzel.com\/es\/wp-json\/wp\/v2\/pages\/3498\/revisions\/13852"}],"wp:attachment":[{"href":"https:\/\/www.karl-wetzel.com\/es\/wp-json\/wp\/v2\/media?parent=3498"}],"curies":[{"name":"wp","href":"https:\/\/api.w.org\/{rel}","templated":true}]}}