{"id":3456,"date":"2022-01-05T16:51:51","date_gmt":"2022-01-05T15:51:51","guid":{"rendered":"https:\/\/www.karl-wetzel.com\/casa\/"},"modified":"2026-03-28T13:24:12","modified_gmt":"2026-03-28T12:24:12","slug":"casa","status":"publish","type":"page","link":"https:\/\/www.karl-wetzel.com\/es\/","title":{"rendered":"Casa"},"content":{"rendered":"\n<div class=\"wp-block-cover alignfull has-custom-content-position is-position-top-left\"><img loading=\"lazy\" decoding=\"async\" width=\"1600\" height=\"558\" class=\"wp-block-cover__image-background wp-image-13424 size-full\" alt=\"\" src=\"https:\/\/www.karl-wetzel.com\/wp-content\/uploads\/2025\/12\/WhatsApp-Image-2025-12-27-at-11.49.59.jpeg\" data-object-fit=\"cover\" srcset=\"https:\/\/www.karl-wetzel.com\/wp-content\/uploads\/2025\/12\/WhatsApp-Image-2025-12-27-at-11.49.59.jpeg 1600w, https:\/\/www.karl-wetzel.com\/wp-content\/uploads\/2025\/12\/WhatsApp-Image-2025-12-27-at-11.49.59-300x105.jpeg 300w, https:\/\/www.karl-wetzel.com\/wp-content\/uploads\/2025\/12\/WhatsApp-Image-2025-12-27-at-11.49.59-1024x357.jpeg 1024w, https:\/\/www.karl-wetzel.com\/wp-content\/uploads\/2025\/12\/WhatsApp-Image-2025-12-27-at-11.49.59-768x268.jpeg 768w, https:\/\/www.karl-wetzel.com\/wp-content\/uploads\/2025\/12\/WhatsApp-Image-2025-12-27-at-11.49.59-1536x536.jpeg 1536w, https:\/\/www.karl-wetzel.com\/wp-content\/uploads\/2025\/12\/WhatsApp-Image-2025-12-27-at-11.49.59-600x209.jpeg 600w\" sizes=\"auto, (max-width: 1600px) 100vw, 1600px\" \/><span aria-hidden=\"true\" class=\"wp-block-cover__background has-background-dim-0 has-background-dim\"><\/span><div class=\"wp-block-cover__inner-container is-layout-flow wp-block-cover-is-layout-flow\">\n<div class=\"wp-block-columns is-layout-flex wp-container-core-columns-is-layout-9d6595d7 wp-block-columns-is-layout-flex\">\n<div class=\"wp-block-column is-layout-flow wp-block-column-is-layout-flow\" style=\"flex-basis:100%\">\n<div class=\"wp-block-columns are-vertically-aligned-top is-layout-flex wp-container-core-columns-is-layout-9d6595d7 wp-block-columns-is-layout-flex\">\n<div class=\"wp-block-column is-vertically-aligned-top is-layout-flow wp-block-column-is-layout-flow\" style=\"flex-basis:100%\">\n<h2 class=\"wp-block-heading has-text-align-left\">  M\u00e1quinas | Equipos | Herramientas<\/h2>\n<\/div>\n<\/div>\n<\/div>\n<\/div>\n\n\n\n<p>Soluciones para la fabricaci\u00f3n, operaci\u00f3n y reparaci\u00f3n de<br\/> Motores el\u00e9ctricos &#8211; transformadores &#8211; generadores<\/p>\n\n\n\n<p><\/p>\n\n\n\n<p><\/p>\n\n\n\n<p><\/p>\n<\/div><\/div>\n\n<div style=\"height:50px\" aria-hidden=\"true\" class=\"wp-block-spacer\"><\/div>\n\n<div class=\"wp-block-group alignfull is-content-justification-center\" style=\"margin-top:0;margin-bottom:0;padding-top:calc( 0.5 * var(--wp--style--root--padding-right, var(--wp--custom--gap--horizontal)));padding-right:var(--wp--style--root--padding-right, var(--wp--custom--gap--horizontal));padding-bottom:calc( 0.5 * var(--wp--style--root--padding-right, var(--wp--custom--gap--horizontal)));padding-left:var(--wp--style--root--padding-left, var(--wp--custom--gap--horizontal))\"><div class=\"wp-block-group__inner-container is-layout-constrained wp-container-core-group-is-layout-b073b61b wp-block-group-is-layout-constrained\">\n<div style=\"height:calc( 0.25 * var(--wp--style--root--padding-right, var(--wp--custom--gap--horizontal)))\" aria-hidden=\"true\" class=\"wp-block-spacer\"><\/div>\n\n\n\n<div class=\"wp-block-columns alignfull are-vertically-aligned-top is-layout-flex wp-container-core-columns-is-layout-41e3e26a wp-block-columns-is-layout-flex\">\n<div class=\"wp-block-column is-vertically-aligned-top is-layout-flow wp-block-column-is-layout-flow\">\n<figure class=\"wp-block-image size-full\"><img loading=\"lazy\" decoding=\"async\" width=\"1920\" height=\"1090\" src=\"https:\/\/www.karl-wetzel.com\/wp-content\/uploads\/2025\/12\/Header-Elektromaschinenbau.jpg\" alt=\"\" class=\"wp-image-13121\" style=\"aspect-ratio:1;object-fit:cover\" srcset=\"https:\/\/www.karl-wetzel.com\/wp-content\/uploads\/2025\/12\/Header-Elektromaschinenbau.jpg 1920w, https:\/\/www.karl-wetzel.com\/wp-content\/uploads\/2025\/12\/Header-Elektromaschinenbau-300x170.jpg 300w, https:\/\/www.karl-wetzel.com\/wp-content\/uploads\/2025\/12\/Header-Elektromaschinenbau-1024x581.jpg 1024w, https:\/\/www.karl-wetzel.com\/wp-content\/uploads\/2025\/12\/Header-Elektromaschinenbau-768x436.jpg 768w, https:\/\/www.karl-wetzel.com\/wp-content\/uploads\/2025\/12\/Header-Elektromaschinenbau-1536x872.jpg 1536w, https:\/\/www.karl-wetzel.com\/wp-content\/uploads\/2025\/12\/Header-Elektromaschinenbau-600x341.jpg 600w\" sizes=\"auto, (max-width: 1920px) 100vw, 1920px\" \/><\/figure>\n\n\n\n<div style=\"height:4px\" aria-hidden=\"true\" class=\"wp-block-spacer\"><\/div>\n\n\n\n<div class=\"wp-block-group\"><div class=\"wp-block-group__inner-container is-layout-flow wp-block-group-is-layout-flow\">\n<h3 class=\"wp-block-heading has-text-align-center is-service-name has-medium-font-size\" style=\"font-style:normal;font-weight:700\">Producci\u00f3n | Operaci\u00f3n<\/h3>\n<\/div><\/div>\n\n\n\n<p class=\"has-text-align-center is-service-description\">Contamos con la maquinaria, el equipo y las herramientas necesarias para sus proyectos. M\u00e1quinas para bobinar y trefilar bobinas, cortar, desforrar e impregnar. Y para garantizar la calidad, contamos con el equipo de prueba adecuado.  <\/p>\n<\/div>\n\n\n\n<div class=\"wp-block-column is-vertically-aligned-top is-layout-flow wp-block-column-is-layout-flow\">\n<figure class=\"wp-block-image size-full is-style-default\"><img loading=\"lazy\" decoding=\"async\" width=\"1641\" height=\"1124\" src=\"https:\/\/www.karl-wetzel.com\/wp-content\/uploads\/2026\/03\/Messedank.jpeg\" alt=\"\" class=\"wp-image-14543\" style=\"aspect-ratio:1;object-fit:cover\" srcset=\"https:\/\/www.karl-wetzel.com\/wp-content\/uploads\/2026\/03\/Messedank.jpeg 1641w, https:\/\/www.karl-wetzel.com\/wp-content\/uploads\/2026\/03\/Messedank-300x205.jpeg 300w, https:\/\/www.karl-wetzel.com\/wp-content\/uploads\/2026\/03\/Messedank-1024x701.jpeg 1024w, https:\/\/www.karl-wetzel.com\/wp-content\/uploads\/2026\/03\/Messedank-768x526.jpeg 768w, https:\/\/www.karl-wetzel.com\/wp-content\/uploads\/2026\/03\/Messedank-1536x1052.jpeg 1536w, https:\/\/www.karl-wetzel.com\/wp-content\/uploads\/2026\/03\/Messedank-600x411.jpeg 600w\" sizes=\"auto, (max-width: 1641px) 100vw, 1641px\" \/><\/figure>\n\n\n\n<div style=\"height:4px\" aria-hidden=\"true\" class=\"wp-block-spacer\"><\/div>\n\n\n\n<div class=\"wp-block-group\"><div class=\"wp-block-group__inner-container is-layout-flow wp-block-group-is-layout-flow\">\n<h3 class=\"wp-block-heading has-text-align-center is-service-name has-medium-font-size\" style=\"font-style:normal;font-weight:700\">Informaci\u00f3n | Servicio<\/h3>\n<\/div><\/div>\n\n\n\n<p class=\"has-text-align-center is-service-description\">Puede encontrarnos como expositor en la feria anual Coiltech en Augsburgo\/Alemania y como visitante en Pordenone\/Italia. Queremos agradecer a todos los visitantes por las enriquecedoras charlas que mantuvieron en Coiltech 2026.<\/p>\n<\/div>\n\n\n\n<div class=\"wp-block-column is-vertically-aligned-top is-layout-flow wp-block-column-is-layout-flow\">\n<figure class=\"wp-block-image size-full is-style-default\"><img loading=\"lazy\" decoding=\"async\" width=\"1920\" height=\"1277\" src=\"https:\/\/www.karl-wetzel.com\/wp-content\/uploads\/2021\/12\/404.jpg\" alt=\"\" class=\"wp-image-18\" style=\"aspect-ratio:1;object-fit:cover\" srcset=\"https:\/\/www.karl-wetzel.com\/wp-content\/uploads\/2021\/12\/404.jpg 1920w, https:\/\/www.karl-wetzel.com\/wp-content\/uploads\/2021\/12\/404-600x399.jpg 600w, https:\/\/www.karl-wetzel.com\/wp-content\/uploads\/2021\/12\/404-300x200.jpg 300w, https:\/\/www.karl-wetzel.com\/wp-content\/uploads\/2021\/12\/404-1024x681.jpg 1024w, https:\/\/www.karl-wetzel.com\/wp-content\/uploads\/2021\/12\/404-768x511.jpg 768w, https:\/\/www.karl-wetzel.com\/wp-content\/uploads\/2021\/12\/404-1536x1022.jpg 1536w\" sizes=\"auto, (max-width: 1920px) 100vw, 1920px\" \/><\/figure>\n\n\n\n<div style=\"height:4px\" aria-hidden=\"true\" class=\"wp-block-spacer\"><\/div>\n\n\n\n<div class=\"wp-block-group\"><div class=\"wp-block-group__inner-container is-layout-flow wp-block-group-is-layout-flow\">\n<h3 class=\"wp-block-heading has-text-align-center is-service-name has-medium-font-size\" style=\"font-style:normal;font-weight:700\">Reparaciones | Repuestos<\/h3>\n<\/div><\/div>\n\n\n\n<p class=\"has-text-align-center is-service-description\">La sostenibilidad y la eficiencia econ\u00f3mica tambi\u00e9n pasan por la reparaci\u00f3n de motores, generadores y transformadores el\u00e9ctricos. Con nuestra l\u00ednea RetroFit ofrecemos m\u00e1quinas reacondicionadas que cumplen con los est\u00e1ndares tecnol\u00f3gicos actuales. <\/p>\n<\/div>\n<\/div>\n\n\n\n<div style=\"height:calc( 0.25 * var(--wp--style--root--padding-right, var(--wp--custom--gap--horizontal)))\" aria-hidden=\"true\" class=\"wp-block-spacer\"><\/div>\n<\/div><\/div>\n\n<div class=\"wp-block-group alignfull is-content-justification-center\" style=\"margin-top:0;margin-bottom:0;padding-top:calc( 0.5 * var(--wp--style--root--padding-right, var(--wp--custom--gap--horizontal)));padding-right:var(--wp--style--root--padding-right, var(--wp--custom--gap--horizontal));padding-bottom:calc( 0.5 * var(--wp--style--root--padding-right, var(--wp--custom--gap--horizontal)));padding-left:var(--wp--style--root--padding-left, var(--wp--custom--gap--horizontal))\"><div class=\"wp-block-group__inner-container is-layout-constrained wp-container-core-group-is-layout-b073b61b wp-block-group-is-layout-constrained\">\n<div style=\"height:calc( 0.25 * var(--wp--style--root--padding-right, var(--wp--custom--gap--horizontal)))\" aria-hidden=\"true\" class=\"wp-block-spacer\"><\/div>\n\n\n\n<h2 class=\"wp-block-heading has-text-align-center\">Nuestras 3 ofertas especiales<\/h2>\n\n\n\n<div style=\"height:25px;width:0px\" aria-hidden=\"true\" class=\"wp-block-spacer\"><\/div>\n\n\n\n<div class=\"wp-block-columns alignwide is-layout-flex wp-container-core-columns-is-layout-9d6595d7 wp-block-columns-is-layout-flex\">\n<div class=\"wp-block-column has-border-color has-primary-border-color has-base-2-background-color has-background is-layout-constrained wp-container-core-column-is-layout-f1df7242 wp-block-column-is-layout-constrained\" style=\"border-width:1px;padding-top:var(--wp--preset--spacing--30);padding-right:var(--wp--preset--spacing--40);padding-bottom:var(--wp--preset--spacing--50);padding-left:var(--wp--preset--spacing--40)\">\n<p class=\"has-text-align-center has-accent-color has-text-color has-link-color has-medium-font-size wp-elements-30d7214694c771fc2491d15f3c5bb7f7\">Sierra de mano de colecci\u00f3n | Hojas de sierra<\/p>\n\n\n\n<h2 class=\"wp-block-heading is-style-default\">Para reparaciones<\/h2>\n\n\n\n<div class=\"wp-block-group is-vertical is-content-justification-stretch is-layout-flex wp-container-core-group-is-layout-b16ad781 wp-block-group-is-layout-flex\">\n<div class=\"wp-block-group has-accent-color has-text-color has-link-color wp-elements-ca1193f98e03c2dc41c0542835995315 is-nowrap is-layout-flex wp-container-core-group-is-layout-ad2f72ca wp-block-group-is-layout-flex\">\n<p class=\"has-text-align-left has-contrast-2-color has-text-color has-link-color wp-elements-7564f50a4169ebc24d615207983f01b1\"><strong>\u2726<\/strong><\/p>\n\n\n\n<p class=\"has-text-align-left has-contrast-color has-text-color has-link-color wp-elements-16a618d245462e1f86350b5ea553db97\">Divisi\u00f3n dental perfecta<\/p>\n<\/div>\n\n\n\n<div class=\"wp-block-group has-accent-color has-text-color has-link-color wp-elements-43da809d16d9165d14f143626f39139f is-nowrap is-layout-flex wp-container-core-group-is-layout-ad2f72ca wp-block-group-is-layout-flex\">\n<p class=\"has-text-align-left has-contrast-2-color has-text-color has-link-color wp-elements-7564f50a4169ebc24d615207983f01b1\"><strong>\u2726<\/strong><\/p>\n\n\n\n<p class=\"has-text-align-left has-contrast-color has-text-color has-link-color wp-elements-e2daf2f2c78ad33ceb58b90df68ac16b\">Cambio de hojas f\u00e1cil<\/p>\n<\/div>\n\n\n\n<div class=\"wp-block-group is-nowrap is-layout-flex wp-container-core-group-is-layout-ad2f72ca wp-block-group-is-layout-flex\">\n<p class=\"has-text-align-left has-contrast-2-color has-text-color has-link-color wp-elements-7564f50a4169ebc24d615207983f01b1\"><strong>\u2726<\/strong><\/p>\n\n\n\n<p class=\"has-text-align-left has-contrast-color has-text-color has-link-color wp-elements-329332b65620568b81b148844a4f367b\">15&#215;28 | 25&#215;28 | 25&#215;130 mm<\/p>\n<\/div>\n\n\n\n<div class=\"wp-block-group has-accent-color has-text-color has-link-color wp-elements-3dc6984fac32425ff051c79e433fb174 is-nowrap is-layout-flex wp-container-core-group-is-layout-ad2f72ca wp-block-group-is-layout-flex\">\n<p class=\"has-text-align-left has-contrast-2-color has-text-color has-link-color wp-elements-7564f50a4169ebc24d615207983f01b1\"><strong>\u2726<\/strong><\/p>\n\n\n\n<p class=\"has-text-align-left has-contrast-color has-text-color has-link-color wp-elements-4cee669dc7a74bd1f954e3ba9545706b\">Manejo de primera clase<\/p>\n<\/div>\n<\/div>\n\n\n\n<div style=\"height:16px\" aria-hidden=\"true\" class=\"wp-block-spacer\"><\/div>\n\n\n\n<div class=\"wp-block-buttons is-content-justification-center is-layout-flex wp-container-core-buttons-is-layout-16018d1d wp-block-buttons-is-layout-flex\">\n<div class=\"wp-block-button has-custom-width wp-block-button__width-100 is-style-fill\"><a class=\"wp-block-button__link wp-element-button\" href=\"http:\/\/store.karl-wetzel.com\" target=\"_blank\" rel=\"noreferrer noopener\">En nuestra tienda online<\/a><\/div>\n<\/div>\n<\/div>\n\n\n\n<div class=\"wp-block-column has-border-color has-primary-border-color has-base-2-background-color has-background is-layout-constrained wp-container-core-column-is-layout-f1df7242 wp-block-column-is-layout-constrained\" style=\"border-width:1px;padding-top:var(--wp--preset--spacing--30);padding-right:var(--wp--preset--spacing--40);padding-bottom:var(--wp--preset--spacing--50);padding-left:var(--wp--preset--spacing--40)\">\n<p class=\"has-text-align-center has-accent-color has-text-color has-link-color has-medium-font-size wp-elements-6a59c7bfc14cae6ff5dc002a04853d18\">Plegadora RotaFlex | Rota Max<\/p>\n\n\n\n<h2 class=\"wp-block-heading is-style-default\">Para plegar<\/h2>\n\n\n\n<div class=\"wp-block-group is-vertical is-content-justification-stretch is-layout-flex wp-container-core-group-is-layout-b16ad781 wp-block-group-is-layout-flex\">\n<div class=\"wp-block-group has-accent-color has-text-color has-link-color wp-elements-8ec33ce3847fa11bfaec6afc61955ffc is-nowrap is-layout-flex wp-container-core-group-is-layout-ad2f72ca wp-block-group-is-layout-flex\">\n<p class=\"has-text-align-left has-contrast-2-color has-text-color has-link-color wp-elements-7564f50a4169ebc24d615207983f01b1\"><strong>\u2726<\/strong><\/p>\n\n\n\n<p class=\"has-text-align-left has-contrast-color has-text-color has-link-color wp-elements-e1205fcab2ec58ff8da64d52702127b4\">Configuraci\u00f3n de 2 pliegues independientes  <\/p>\n<\/div>\n\n\n\n<div class=\"wp-block-group has-accent-color has-text-color has-link-color wp-elements-d7b85aef7bad2f980460f8562230a43a is-nowrap is-layout-flex wp-container-core-group-is-layout-ad2f72ca wp-block-group-is-layout-flex\">\n<p class=\"has-text-align-left has-contrast-2-color has-text-color has-link-color wp-elements-7564f50a4169ebc24d615207983f01b1\"><strong>\u2726<\/strong><\/p>\n\n\n\n<p class=\"has-text-align-left has-contrast-color has-text-color has-link-color wp-elements-4eae3eb3a95b74c0ee5bbf64e5b0faff\">Producci\u00f3n de tiras prefabricadas<\/p>\n<\/div>\n\n\n\n<div class=\"wp-block-group is-nowrap is-layout-flex wp-container-core-group-is-layout-ad2f72ca wp-block-group-is-layout-flex\">\n<p class=\"has-text-align-left has-contrast-2-color has-text-color has-link-color wp-elements-7564f50a4169ebc24d615207983f01b1\"><strong>\u2726<\/strong><\/p>\n\n\n\n<p class=\"has-text-align-left has-contrast-color has-text-color has-link-color wp-elements-b751414adef632be7e000c6166e3d01a\">Calidad de plegado constante<\/p>\n<\/div>\n\n\n\n<div class=\"wp-block-group has-accent-color has-text-color has-link-color wp-elements-5939c2bce067f809079a7c4d37599ee7 is-nowrap is-layout-flex wp-container-core-group-is-layout-ad2f72ca wp-block-group-is-layout-flex\">\n<p class=\"has-text-align-left has-contrast-2-color has-text-color has-link-color wp-elements-7564f50a4169ebc24d615207983f01b1\"><strong>\u2726<\/strong><\/p>\n\n\n\n<p class=\"has-text-align-left has-contrast-color has-text-color has-link-color wp-elements-066932006b39063c9017798e821548bf\">Controlador Siemens S7 con panel t\u00e1ctil<\/p>\n<\/div>\n<\/div>\n\n\n\n<div style=\"height:16px\" aria-hidden=\"true\" class=\"wp-block-spacer\"><\/div>\n\n\n\n<div class=\"wp-block-buttons is-content-justification-center is-layout-flex wp-container-core-buttons-is-layout-16018d1d wp-block-buttons-is-layout-flex\">\n<div class=\"wp-block-button has-custom-width wp-block-button__width-100 is-style-fill\"><a class=\"wp-block-button__link wp-element-button\" href=\"http:\/\/store.karl-wetzel.com\" target=\"_blank\" rel=\"noreferrer noopener\">En nuestra tienda online<\/a><\/div>\n<\/div>\n<\/div>\n\n\n\n<div class=\"wp-block-column has-border-color has-primary-border-color has-base-2-background-color has-background is-layout-constrained wp-container-core-column-is-layout-f1df7242 wp-block-column-is-layout-constrained\" style=\"border-width:1px;padding-top:var(--wp--preset--spacing--30);padding-right:var(--wp--preset--spacing--40);padding-bottom:var(--wp--preset--spacing--50);padding-left:var(--wp--preset--spacing--40)\">\n<p class=\"has-text-align-center has-accent-color has-text-color has-link-color has-medium-font-size wp-elements-92b585b9a70b31e8331e43eb0250e321\">Palitos de envoltura | Mortajadoras de ranuras<\/p>\n\n\n\n<h2 class=\"wp-block-heading is-style-default\">Para procesamiento<\/h2>\n\n\n\n<div class=\"wp-block-group is-vertical is-content-justification-stretch is-layout-flex wp-container-core-group-is-layout-b16ad781 wp-block-group-is-layout-flex\">\n<div class=\"wp-block-group is-nowrap is-layout-flex wp-container-core-group-is-layout-ad2f72ca wp-block-group-is-layout-flex\">\n<p class=\"has-text-align-left has-contrast-2-color has-text-color has-link-color wp-elements-7564f50a4169ebc24d615207983f01b1\"><strong>\u2726<\/strong><\/p>\n\n\n\n<p class=\"has-text-align-left has-contrast-color has-text-color has-link-color wp-elements-d72dfcc3bd15554ee9706ae824bcf5cc\">4 formas\/tama\u00f1os diferentes<\/p>\n<\/div>\n\n\n\n<div class=\"wp-block-group is-nowrap is-layout-flex wp-container-core-group-is-layout-ad2f72ca wp-block-group-is-layout-flex\">\n<p class=\"has-text-align-left has-contrast-2-color has-text-color has-link-color wp-elements-7564f50a4169ebc24d615207983f01b1\"><strong>\u2726<\/strong><\/p>\n\n\n\n<p class=\"has-text-align-left has-contrast-color has-text-color has-link-color wp-elements-b043090a05e4444b2d3c5a9a632c8bb0\">Vendaje y modelado<\/p>\n<\/div>\n\n\n\n<div class=\"wp-block-group is-nowrap is-layout-flex wp-container-core-group-is-layout-ad2f72ca wp-block-group-is-layout-flex\">\n<p class=\"has-text-align-left has-contrast-2-color has-text-color has-link-color wp-elements-7564f50a4169ebc24d615207983f01b1\"><strong>\u2726<\/strong><\/p>\n\n\n\n<p class=\"has-text-align-left has-contrast-color has-text-color has-link-color wp-elements-407a219d64f5d38811d7959b3c3fb5df\">Ajuste de los cabezales de bobinado<\/p>\n<\/div>\n\n\n\n<div class=\"wp-block-group is-nowrap is-layout-flex wp-container-core-group-is-layout-ad2f72ca wp-block-group-is-layout-flex\">\n<p class=\"has-text-align-left has-contrast-2-color has-text-color has-link-color wp-elements-7564f50a4169ebc24d615207983f01b1\"><strong>\u2726<\/strong><\/p>\n\n\n\n<p class=\"has-text-align-left has-contrast-color has-text-color has-link-color wp-elements-7811a7a9fcfc2870662420ce37cee844\">Material base resistente al desgaste<\/p>\n<\/div>\n<\/div>\n\n\n\n<div style=\"height:16px\" aria-hidden=\"true\" class=\"wp-block-spacer\"><\/div>\n\n\n\n<div class=\"wp-block-buttons is-content-justification-center is-layout-flex wp-container-core-buttons-is-layout-16018d1d wp-block-buttons-is-layout-flex\">\n<div class=\"wp-block-button has-custom-width wp-block-button__width-100 is-style-fill\"><a class=\"wp-block-button__link wp-element-button\" href=\"http:\/\/store.karl-wetzel.com\" target=\"_blank\" rel=\"noreferrer noopener\">En nuestra tienda online<\/a><\/div>\n<\/div>\n<\/div>\n<\/div>\n\n\n\n<div style=\"height:calc( 0.25 * var(--wp--style--root--padding-right, var(--wp--custom--gap--horizontal)))\" aria-hidden=\"true\" class=\"wp-block-spacer\"><\/div>\n<\/div><\/div>\n\n<div style=\"height:100px\" aria-hidden=\"true\" class=\"wp-block-spacer\"><\/div>\n","protected":false},"excerpt":{"rendered":"<p>Producci\u00f3n | Operaci\u00f3n Contamos con la maquinaria, el equipo y las herramientas necesarias para sus proyectos. M\u00e1quinas para bobinar y trefilar bobinas, cortar, desforrar e impregnar. Y para garantizar la calidad, contamos con el equipo de prueba adecuado. Informaci\u00f3n | Servicio Puede encontrarnos como expositor en la feria anual Coiltech en Augsburgo\/Alemania y como visitante &#8230; <a title=\"Casa\" class=\"read-more\" href=\"https:\/\/www.karl-wetzel.com\/es\/\" aria-label=\"Leer m\u00e1s sobre Casa\">Leer m\u00e1s<\/a><\/p>\n","protected":false},"author":1,"featured_media":0,"parent":0,"menu_order":0,"comment_status":"closed","ping_status":"closed","template":"","meta":{"footnotes":""},"class_list":["post-3456","page","type-page","status-publish"],"_links":{"self":[{"href":"https:\/\/www.karl-wetzel.com\/es\/wp-json\/wp\/v2\/pages\/3456","targetHints":{"allow":["GET"]}}],"collection":[{"href":"https:\/\/www.karl-wetzel.com\/es\/wp-json\/wp\/v2\/pages"}],"about":[{"href":"https:\/\/www.karl-wetzel.com\/es\/wp-json\/wp\/v2\/types\/page"}],"author":[{"embeddable":true,"href":"https:\/\/www.karl-wetzel.com\/es\/wp-json\/wp\/v2\/users\/1"}],"replies":[{"embeddable":true,"href":"https:\/\/www.karl-wetzel.com\/es\/wp-json\/wp\/v2\/comments?post=3456"}],"version-history":[{"count":5,"href":"https:\/\/www.karl-wetzel.com\/es\/wp-json\/wp\/v2\/pages\/3456\/revisions"}],"predecessor-version":[{"id":14627,"href":"https:\/\/www.karl-wetzel.com\/es\/wp-json\/wp\/v2\/pages\/3456\/revisions\/14627"}],"wp:attachment":[{"href":"https:\/\/www.karl-wetzel.com\/es\/wp-json\/wp\/v2\/media?parent=3456"}],"curies":[{"name":"wp","href":"https:\/\/api.w.org\/{rel}","templated":true}]}}